{"id":89,"date":"2024-08-12T13:44:27","date_gmt":"2024-08-12T13:44:27","guid":{"rendered":"https:\/\/lqf.vbc.su\/?page_id=89"},"modified":"2025-12-01T22:23:52","modified_gmt":"2025-12-01T21:23:52","slug":"sitemap","status":"publish","type":"page","link":"https:\/\/lequartierfrancophone.ch\/en\/sitemap\/","title":{"rendered":"Site map"},"content":{"rendered":"<div data-elementor-type=\"wp-page\" data-elementor-id=\"89\" class=\"elementor elementor-89\" data-elementor-post-type=\"page\">\n\t\t\t\t<div class=\"elementor-element elementor-element-0d01156 e-flex e-con-boxed e-con e-parent\" data-id=\"0d01156\" data-element_type=\"container\">\n\t\t\t\t\t<div class=\"e-con-inner\">\n\t\t\t\t<div class=\"elementor-element elementor-element-34d3c85 elementor-widget elementor-widget-heading\" data-id=\"34d3c85\" data-element_type=\"widget\" data-widget_type=\"heading.default\">\n\t\t\t\t\t<h1 class=\"elementor-heading-title elementor-size-default\">Site map<\/h1>\t\t\t\t<\/div>\n\t\t\t\t<div class=\"elementor-element elementor-element-90a9278 pad-m elementor-widget elementor-widget-sitemap\" data-id=\"90a9278\" data-element_type=\"widget\" data-widget_type=\"sitemap.default\">\n\t\t\t\t\t<div class=\"elementor-sitemap-wrap\"><div class=\"elementor-sitemap-section\"><h2 class=\"elementor-sitemap-title elementor-sitemap-page-title\">Pages<\/h2><ul class=\"elementor-sitemap-list elementor-sitemap-page-list\"><li class=\"elementor-sitemap-item elementor-sitemap-item-page page_item page-item-28026\"><a href=\"https:\/\/lequartierfrancophone.ch\/en\/cours-de-russe-en-ligne-et-en-presentiel\/cours-de-russe-general\/\">General Russian courses<\/a><\/li><li class=\"elementor-sitemap-item elementor-sitemap-item-page page_item page-item-28020\"><a href=\"https:\/\/lequartierfrancophone.ch\/en\/cours-de-russe-en-ligne-et-en-presentiel\/conversation-en-russe\/\">Conversation in Russian<\/a><\/li><li class=\"elementor-sitemap-item elementor-sitemap-item-page page_item page-item-27989\"><a href=\"https:\/\/lequartierfrancophone.ch\/en\/cours-de-russe-en-ligne-et-en-presentiel\/\">Online and face-to-face Russian courses<\/a><\/li><li class=\"elementor-sitemap-item elementor-sitemap-item-page page_item page-item-26523\"><a href=\"https:\/\/lequartierfrancophone.ch\/en\/cours-de-francais-en-face-a-face\/\">One-to-one French lessons<\/a><\/li><li class=\"elementor-sitemap-item elementor-sitemap-item-page page_item page-item-4727\"><a href=\"https:\/\/lequartierfrancophone.ch\/en\/cours-de-langue-pour-entreprises\/\">Language courses for companies<\/a><\/li><li class=\"elementor-sitemap-item elementor-sitemap-item-page page_item page-item-4687\"><a href=\"https:\/\/lequartierfrancophone.ch\/en\/cours-de-francais-en-ligne-et-en-presentiel\/initiation-au-francais-langue-etrangere\/\">Introduction to French as a foreign language<\/a><\/li><li class=\"elementor-sitemap-item elementor-sitemap-item-page page_item page-item-4568\"><a href=\"https:\/\/lequartierfrancophone.ch\/en\/clement\/\">Cl\u00e9ment<\/a><\/li><li class=\"elementor-sitemap-item elementor-sitemap-item-page page_item page-item-4005\"><a href=\"https:\/\/lequartierfrancophone.ch\/en\/cours-de-francais-en-ligne-et-en-presentiel\/sentrainer-aux-examens-delf-dalf-fide\/\">Training for Delf\/Dalf-Fide exams<\/a><\/li><li class=\"elementor-sitemap-item elementor-sitemap-item-page page_item page-item-631\"><a href=\"https:\/\/lequartierfrancophone.ch\/en\/cours-de-francais-en-ligne-et-en-presentiel\/sessions-de-correction-phonetique\/\">Phonetic correction sessions<\/a><\/li><li class=\"elementor-sitemap-item elementor-sitemap-item-page page_item page-item-261\"><a href=\"https:\/\/lequartierfrancophone.ch\/en\/notre-approche\/\">Our approach<\/a><\/li><li class=\"elementor-sitemap-item elementor-sitemap-item-page page_item page-item-226\"><a href=\"https:\/\/lequartierfrancophone.ch\/en\/cours-de-francais-en-ligne-et-en-presentiel\/cours-de-francais-general\/\">General French courses<\/a><\/li><li class=\"elementor-sitemap-item elementor-sitemap-item-page page_item page-item-192\"><a href=\"https:\/\/lequartierfrancophone.ch\/en\/cours-de-francais-en-ligne-et-en-presentiel\/conversation-en-francais\/\">Conversation in French<\/a><\/li><li class=\"elementor-sitemap-item elementor-sitemap-item-page page_item page-item-89\"><a href=\"https:\/\/lequartierfrancophone.ch\/en\/sitemap\/\">Site map<\/a><\/li><li class=\"elementor-sitemap-item elementor-sitemap-item-page page_item page-item-86\"><a href=\"https:\/\/lequartierfrancophone.ch\/en\/programme-daffiliation\/\">Partnerships<\/a><\/li><li class=\"elementor-sitemap-item elementor-sitemap-item-page page_item page-item-84\"><a href=\"https:\/\/lequartierfrancophone.ch\/en\/medias\/\">Media<\/a><\/li><li class=\"elementor-sitemap-item elementor-sitemap-item-page page_item page-item-82\"><a href=\"https:\/\/lequartierfrancophone.ch\/en\/formation-de-professeurs\/\">Teacher training<\/a><\/li><li class=\"elementor-sitemap-item elementor-sitemap-item-page page_item page-item-60\"><a href=\"https:\/\/lequartierfrancophone.ch\/en\/cours-de-francais-en-ligne-et-en-presentiel\/\">Online and face-to-face French courses<\/a><\/li><li class=\"elementor-sitemap-item elementor-sitemap-item-page page_item page-item-66\"><a href=\"https:\/\/lequartierfrancophone.ch\/en\/contact\/\">Contact<\/a><\/li><li class=\"elementor-sitemap-item elementor-sitemap-item-page page_item page-item-64\"><a href=\"https:\/\/lequartierfrancophone.ch\/en\/blog\/\">Blog<\/a><\/li><li class=\"elementor-sitemap-item elementor-sitemap-item-page page_item page-item-55\"><a href=\"https:\/\/lequartierfrancophone.ch\/en\/decouvrez-nous\/\">Discover us<\/a><\/li><li class=\"elementor-sitemap-item elementor-sitemap-item-page page_item page-item-11\"><a href=\"https:\/\/lequartierfrancophone.ch\/en\/\">Alternative language school<\/a><\/li><li class=\"elementor-sitemap-item elementor-sitemap-item-page page_item page-item-3\"><a href=\"https:\/\/lequartierfrancophone.ch\/en\/privacy-policy\/\">Privacy Policy<\/a><\/li><\/ul><\/div><div class=\"elementor-sitemap-section\"><h2 class=\"elementor-sitemap-title elementor-sitemap-category-title\">Categories<\/h2><ul class=\"elementor-sitemap-list elementor-sitemap-category-list\">\t<li class=\"elementor-sitemap-item elementor-sitemap-item-category cat-item cat-item-1\"><a href=\"https:\/\/lequartierfrancophone.ch\/en\/category\/apprentissage-des-langues\/\">Language learning<\/a>\n<\/li>\n<\/ul><\/div><div class=\"elementor-sitemap-section\"><h2 class=\"elementor-sitemap-title elementor-sitemap-post-title\">Posts<\/h2><ul class=\"elementor-sitemap-list elementor-sitemap-post-list\"><li class=\"elementor-sitemap-item elementor-sitemap-item-post page_item page-item-3072\"><a href=\"https:\/\/lequartierfrancophone.ch\/en\/cours-de-francais-dete-a-geneve\/\">Summer French courses in Geneva<\/a><\/li><li class=\"elementor-sitemap-item elementor-sitemap-item-post page_item page-item-1932\"><a href=\"https:\/\/lequartierfrancophone.ch\/en\/le-secret-de-la-maitrise-grammaticale\/\">How can I make fewer grammatical errors?<\/a><\/li><li class=\"elementor-sitemap-item elementor-sitemap-item-post page_item page-item-166\"><a href=\"https:\/\/lequartierfrancophone.ch\/en\/ameliorer-sa-prononciation-en-francais\/\">Improve your French pronunciation<\/a><\/li><li class=\"elementor-sitemap-item elementor-sitemap-item-post page_item page-item-159\"><a href=\"https:\/\/lequartierfrancophone.ch\/en\/la-culture-dans-nos-cours\/\">Culture in the classroom<\/a><\/li><li class=\"elementor-sitemap-item elementor-sitemap-item-post page_item page-item-151\"><a href=\"https:\/\/lequartierfrancophone.ch\/en\/les-differentes-facons-dapprendre-une-langue-etrangere\/\">The different ways of learning a foreign language<\/a><\/li><li class=\"elementor-sitemap-item elementor-sitemap-item-post page_item page-item-145\"><a href=\"https:\/\/lequartierfrancophone.ch\/en\/pour-qui-sont-nos-cours\/\">Who are our courses for?<\/a><\/li><li class=\"elementor-sitemap-item elementor-sitemap-item-post page_item page-item-137\"><a href=\"https:\/\/lequartierfrancophone.ch\/en\/comment-choisir-son-cours-de-langue\/\">How to choose a language course<\/a><\/li><\/ul><\/div><\/div>\t\t\t\t<\/div>\n\t\t\t\t\t<\/div>\n\t\t\t\t<\/div>\n\t\t\t\t<\/div>","protected":false},"excerpt":{"rendered":"<p>Site map<\/p>","protected":false},"author":4,"featured_media":0,"parent":0,"menu_order":12,"comment_status":"closed","ping_status":"closed","template":"","meta":{"_acf_changed":false,"footnotes":""},"class_list":["post-89","page","type-page","status-publish","hentry"],"acf":[],"yoast_head":"<!-- This site is optimized with the Yoast SEO Premium plugin v26.0 (Yoast SEO v27.5) - https:\/\/yoast.com\/product\/yoast-seo-premium-wordpress\/ -->\n<title>Plan de site - Le Quartier Francophone Gen\u00e8ve<\/title>\n<meta name=\"robots\" content=\"index, follow, max-snippet:-1, max-image-preview:large, max-video-preview:-1\" \/>\n<link rel=\"canonical\" href=\"https:\/\/lequartierfrancophone.ch\/en\/sitemap\/\" \/>\n<meta property=\"og:locale\" content=\"en_US\" \/>\n<meta property=\"og:type\" content=\"article\" \/>\n<meta property=\"og:title\" content=\"Plan de site\" \/>\n<meta property=\"og:description\" content=\"Plan de site\" \/>\n<meta property=\"og:url\" content=\"https:\/\/lequartierfrancophone.ch\/en\/sitemap\/\" \/>\n<meta property=\"og:site_name\" content=\"Le Quartier Francophone Gen\u00e8ve\" \/>\n<meta property=\"article:publisher\" content=\"https:\/\/www.facebook.com\/lequartierfrancophoneleman\/\" \/>\n<meta property=\"article:modified_time\" content=\"2025-12-01T21:23:52+00:00\" \/>\n<meta property=\"og:image\" content=\"https:\/\/lequartierfrancophone.ch\/wp-content\/uploads\/2024\/09\/le-quartier-francophone-accueil-scaled.webp\" \/>\n\t<meta property=\"og:image:width\" content=\"2560\" \/>\n\t<meta property=\"og:image:height\" content=\"1388\" \/>\n\t<meta property=\"og:image:type\" content=\"image\/webp\" \/>\n<meta name=\"twitter:card\" content=\"summary_large_image\" \/>\n<meta name=\"twitter:label1\" content=\"Est. reading time\" \/>\n\t<meta name=\"twitter:data1\" content=\"1 minute\" \/>\n<script type=\"application\/ld+json\" class=\"yoast-schema-graph\">{\"@context\":\"https:\\\/\\\/schema.org\",\"@graph\":[{\"@type\":\"WebPage\",\"@id\":\"https:\\\/\\\/lequartierfrancophone.ch\\\/sitemap\\\/\",\"url\":\"https:\\\/\\\/lequartierfrancophone.ch\\\/sitemap\\\/\",\"name\":\"Plan de site - Le Quartier Francophone Gen\u00e8ve\",\"isPartOf\":{\"@id\":\"https:\\\/\\\/lequartierfrancophone.ch\\\/#website\"},\"datePublished\":\"2024-08-12T13:44:27+00:00\",\"dateModified\":\"2025-12-01T21:23:52+00:00\",\"breadcrumb\":{\"@id\":\"https:\\\/\\\/lequartierfrancophone.ch\\\/sitemap\\\/#breadcrumb\"},\"inLanguage\":\"en-US\",\"potentialAction\":[{\"@type\":\"ReadAction\",\"target\":[\"https:\\\/\\\/lequartierfrancophone.ch\\\/sitemap\\\/\"]}]},{\"@type\":\"BreadcrumbList\",\"@id\":\"https:\\\/\\\/lequartierfrancophone.ch\\\/sitemap\\\/#breadcrumb\",\"itemListElement\":[{\"@type\":\"ListItem\",\"position\":1,\"name\":\"Accueil\",\"item\":\"https:\\\/\\\/lequartierfrancophone.ch\\\/\"},{\"@type\":\"ListItem\",\"position\":2,\"name\":\"Plan de site\"}]},{\"@type\":\"WebSite\",\"@id\":\"https:\\\/\\\/lequartierfrancophone.ch\\\/#website\",\"url\":\"https:\\\/\\\/lequartierfrancophone.ch\\\/\",\"name\":\"Cours de fran\u00e7ais en ligne et en face \u00e0 face Le Quartier Francophone L\u00e9man\",\"description\":\"Apprenez les langues autrement !\",\"publisher\":{\"@id\":\"https:\\\/\\\/lequartierfrancophone.ch\\\/#organization\"},\"potentialAction\":[{\"@type\":\"SearchAction\",\"target\":{\"@type\":\"EntryPoint\",\"urlTemplate\":\"https:\\\/\\\/lequartierfrancophone.ch\\\/?s={search_term_string}\"},\"query-input\":{\"@type\":\"PropertyValueSpecification\",\"valueRequired\":true,\"valueName\":\"search_term_string\"}}],\"inLanguage\":\"en-US\"},{\"@type\":\"Organization\",\"@id\":\"https:\\\/\\\/lequartierfrancophone.ch\\\/#organization\",\"name\":\"Le Quartier Francophone L\u00e9man\",\"url\":\"https:\\\/\\\/lequartierfrancophone.ch\\\/\",\"logo\":{\"@type\":\"ImageObject\",\"inLanguage\":\"en-US\",\"@id\":\"https:\\\/\\\/lequartierfrancophone.ch\\\/#\\\/schema\\\/logo\\\/image\\\/\",\"url\":\"https:\\\/\\\/lequartierfrancophone.ch\\\/wp-content\\\/uploads\\\/2024\\\/10\\\/open-graph-1.png\",\"contentUrl\":\"https:\\\/\\\/lequartierfrancophone.ch\\\/wp-content\\\/uploads\\\/2024\\\/10\\\/open-graph-1.png\",\"width\":1200,\"height\":323,\"caption\":\"Le Quartier Francophone L\u00e9man\"},\"image\":{\"@id\":\"https:\\\/\\\/lequartierfrancophone.ch\\\/#\\\/schema\\\/logo\\\/image\\\/\"},\"sameAs\":[\"https:\\\/\\\/www.facebook.com\\\/lequartierfrancophoneleman\\\/\",\"https:\\\/\\\/www.instagram.com\\\/lequartierfrancophone_leman\\\/\"]}]}<\/script>\n<!-- \/ Yoast SEO Premium plugin. -->","yoast_head_json":{"title":"Site map - Le Quartier Francophone Gen\u00e8ve","robots":{"index":"index","follow":"follow","max-snippet":"max-snippet:-1","max-image-preview":"max-image-preview:large","max-video-preview":"max-video-preview:-1"},"canonical":"https:\/\/lequartierfrancophone.ch\/en\/sitemap\/","og_locale":"en_US","og_type":"article","og_title":"Plan de site","og_description":"Plan de site","og_url":"https:\/\/lequartierfrancophone.ch\/en\/sitemap\/","og_site_name":"Le Quartier Francophone Gen\u00e8ve","article_publisher":"https:\/\/www.facebook.com\/lequartierfrancophoneleman\/","article_modified_time":"2025-12-01T21:23:52+00:00","og_image":[{"width":2560,"height":1388,"url":"https:\/\/lequartierfrancophone.ch\/wp-content\/uploads\/2024\/09\/le-quartier-francophone-accueil-scaled.webp","type":"image\/webp"}],"twitter_card":"summary_large_image","twitter_misc":{"Est. reading time":"1 minute"},"schema":{"@context":"https:\/\/schema.org","@graph":[{"@type":"WebPage","@id":"https:\/\/lequartierfrancophone.ch\/sitemap\/","url":"https:\/\/lequartierfrancophone.ch\/sitemap\/","name":"Site map - Le Quartier Francophone Gen\u00e8ve","isPartOf":{"@id":"https:\/\/lequartierfrancophone.ch\/#website"},"datePublished":"2024-08-12T13:44:27+00:00","dateModified":"2025-12-01T21:23:52+00:00","breadcrumb":{"@id":"https:\/\/lequartierfrancophone.ch\/sitemap\/#breadcrumb"},"inLanguage":"en-US","potentialAction":[{"@type":"ReadAction","target":["https:\/\/lequartierfrancophone.ch\/sitemap\/"]}]},{"@type":"BreadcrumbList","@id":"https:\/\/lequartierfrancophone.ch\/sitemap\/#breadcrumb","itemListElement":[{"@type":"ListItem","position":1,"name":"Accueil","item":"https:\/\/lequartierfrancophone.ch\/"},{"@type":"ListItem","position":2,"name":"Plan de site"}]},{"@type":"WebSite","@id":"https:\/\/lequartierfrancophone.ch\/#website","url":"https:\/\/lequartierfrancophone.ch\/","name":"Online and face-to-face French courses Le Quartier Francophone L\u00e9man","description":"Learn languages differently!","publisher":{"@id":"https:\/\/lequartierfrancophone.ch\/#organization"},"potentialAction":[{"@type":"SearchAction","target":{"@type":"EntryPoint","urlTemplate":"https:\/\/lequartierfrancophone.ch\/?s={search_term_string}"},"query-input":{"@type":"PropertyValueSpecification","valueRequired":true,"valueName":"search_term_string"}}],"inLanguage":"en-US"},{"@type":"Organization","@id":"https:\/\/lequartierfrancophone.ch\/#organization","name":"Le Quartier Francophone L\u00e9man","url":"https:\/\/lequartierfrancophone.ch\/","logo":{"@type":"ImageObject","inLanguage":"en-US","@id":"https:\/\/lequartierfrancophone.ch\/#\/schema\/logo\/image\/","url":"https:\/\/lequartierfrancophone.ch\/wp-content\/uploads\/2024\/10\/open-graph-1.png","contentUrl":"https:\/\/lequartierfrancophone.ch\/wp-content\/uploads\/2024\/10\/open-graph-1.png","width":1200,"height":323,"caption":"Le Quartier Francophone L\u00e9man"},"image":{"@id":"https:\/\/lequartierfrancophone.ch\/#\/schema\/logo\/image\/"},"sameAs":["https:\/\/www.facebook.com\/lequartierfrancophoneleman\/","https:\/\/www.instagram.com\/lequartierfrancophone_leman\/"]}]}},"_links":{"self":[{"href":"https:\/\/lequartierfrancophone.ch\/en\/wp-json\/wp\/v2\/pages\/89","targetHints":{"allow":["GET"]}}],"collection":[{"href":"https:\/\/lequartierfrancophone.ch\/en\/wp-json\/wp\/v2\/pages"}],"about":[{"href":"https:\/\/lequartierfrancophone.ch\/en\/wp-json\/wp\/v2\/types\/page"}],"author":[{"embeddable":true,"href":"https:\/\/lequartierfrancophone.ch\/en\/wp-json\/wp\/v2\/users\/4"}],"replies":[{"embeddable":true,"href":"https:\/\/lequartierfrancophone.ch\/en\/wp-json\/wp\/v2\/comments?post=89"}],"version-history":[{"count":3,"href":"https:\/\/lequartierfrancophone.ch\/en\/wp-json\/wp\/v2\/pages\/89\/revisions"}],"predecessor-version":[{"id":28183,"href":"https:\/\/lequartierfrancophone.ch\/en\/wp-json\/wp\/v2\/pages\/89\/revisions\/28183"}],"wp:attachment":[{"href":"https:\/\/lequartierfrancophone.ch\/en\/wp-json\/wp\/v2\/media?parent=89"}],"curies":[{"name":"wp","href":"https:\/\/api.w.org\/{rel}","templated":true}]}}