{"id":86,"date":"2024-08-12T13:44:15","date_gmt":"2024-08-12T13:44:15","guid":{"rendered":"https:\/\/lqf.vbc.su\/?page_id=86"},"modified":"2026-01-28T15:23:09","modified_gmt":"2026-01-28T14:23:09","slug":"affiliate-program","status":"publish","type":"page","link":"https:\/\/lequartierfrancophone.ch\/en\/programme-daffiliation\/","title":{"rendered":"Partnerships"},"content":{"rendered":"","protected":false},"excerpt":{"rendered":"","protected":false},"author":4,"featured_media":0,"parent":0,"menu_order":9,"comment_status":"closed","ping_status":"closed","template":"","meta":{"_acf_changed":false,"footnotes":""},"class_list":["post-86","page","type-page","status-publish","hentry"],"acf":[],"yoast_head":"<!-- This site is optimized with the Yoast SEO Premium plugin v26.0 (Yoast SEO v27.5) - https:\/\/yoast.com\/product\/yoast-seo-premium-wordpress\/ -->\n<title>Partenariats - Le Quartier Francophone Gen\u00e8ve<\/title>\n<meta name=\"description\" content=\"Devenez partenaire de l&#039;\u00e9cole Le Quartier Francophone \u00e0 Gen\u00e8ve. D\u00e9couvrez nos opportunit\u00e9s de collaboration et d\u00e9veloppons ensemble des projets \u00e9ducatifs.\" \/>\n<meta name=\"robots\" content=\"index, follow, max-snippet:-1, max-image-preview:large, max-video-preview:-1\" \/>\n<link rel=\"canonical\" href=\"https:\/\/lequartierfrancophone.ch\/en\/affiliate-program\/\" \/>\n<meta property=\"og:locale\" content=\"en_US\" \/>\n<meta property=\"og:type\" content=\"article\" \/>\n<meta property=\"og:title\" content=\"Partenariats\" \/>\n<meta property=\"og:description\" content=\"Devenez partenaire de l&#039;\u00e9cole Le Quartier Francophone \u00e0 Gen\u00e8ve. D\u00e9couvrez nos opportunit\u00e9s de collaboration et d\u00e9veloppons ensemble des projets \u00e9ducatifs.\" \/>\n<meta property=\"og:url\" content=\"https:\/\/lequartierfrancophone.ch\/en\/affiliate-program\/\" \/>\n<meta property=\"og:site_name\" content=\"Le Quartier Francophone Gen\u00e8ve\" \/>\n<meta property=\"article:publisher\" content=\"https:\/\/www.facebook.com\/lequartierfrancophoneleman\/\" \/>\n<meta property=\"article:modified_time\" content=\"2026-01-28T14:23:09+00:00\" \/>\n<meta property=\"og:image\" content=\"https:\/\/lequartierfrancophone.ch\/wp-content\/uploads\/2024\/09\/le-quartier-francophone-accueil-scaled.webp\" \/>\n\t<meta property=\"og:image:width\" content=\"2560\" \/>\n\t<meta property=\"og:image:height\" content=\"1388\" \/>\n\t<meta property=\"og:image:type\" content=\"image\/webp\" \/>\n<meta name=\"twitter:card\" content=\"summary_large_image\" \/>\n<script type=\"application\/ld+json\" class=\"yoast-schema-graph\">{\"@context\":\"https:\\\/\\\/schema.org\",\"@graph\":[{\"@type\":\"WebPage\",\"@id\":\"https:\\\/\\\/lequartierfrancophone.ch\\\/programme-daffiliation\\\/\",\"url\":\"https:\\\/\\\/lequartierfrancophone.ch\\\/programme-daffiliation\\\/\",\"name\":\"Partenariats - Le Quartier Francophone Gen\u00e8ve\",\"isPartOf\":{\"@id\":\"https:\\\/\\\/lequartierfrancophone.ch\\\/#website\"},\"datePublished\":\"2024-08-12T13:44:15+00:00\",\"dateModified\":\"2026-01-28T14:23:09+00:00\",\"description\":\"Devenez partenaire de l'\u00e9cole Le Quartier Francophone \u00e0 Gen\u00e8ve. D\u00e9couvrez nos opportunit\u00e9s de collaboration et d\u00e9veloppons ensemble des projets \u00e9ducatifs.\",\"breadcrumb\":{\"@id\":\"https:\\\/\\\/lequartierfrancophone.ch\\\/programme-daffiliation\\\/#breadcrumb\"},\"inLanguage\":\"en-US\",\"potentialAction\":[{\"@type\":\"ReadAction\",\"target\":[\"https:\\\/\\\/lequartierfrancophone.ch\\\/programme-daffiliation\\\/\"]}]},{\"@type\":\"BreadcrumbList\",\"@id\":\"https:\\\/\\\/lequartierfrancophone.ch\\\/programme-daffiliation\\\/#breadcrumb\",\"itemListElement\":[{\"@type\":\"ListItem\",\"position\":1,\"name\":\"Accueil\",\"item\":\"https:\\\/\\\/lequartierfrancophone.ch\\\/\"},{\"@type\":\"ListItem\",\"position\":2,\"name\":\"Partenariats\"}]},{\"@type\":\"WebSite\",\"@id\":\"https:\\\/\\\/lequartierfrancophone.ch\\\/#website\",\"url\":\"https:\\\/\\\/lequartierfrancophone.ch\\\/\",\"name\":\"Cours de fran\u00e7ais en ligne et en face \u00e0 face Le Quartier Francophone L\u00e9man\",\"description\":\"Apprenez les langues autrement !\",\"publisher\":{\"@id\":\"https:\\\/\\\/lequartierfrancophone.ch\\\/#organization\"},\"potentialAction\":[{\"@type\":\"SearchAction\",\"target\":{\"@type\":\"EntryPoint\",\"urlTemplate\":\"https:\\\/\\\/lequartierfrancophone.ch\\\/?s={search_term_string}\"},\"query-input\":{\"@type\":\"PropertyValueSpecification\",\"valueRequired\":true,\"valueName\":\"search_term_string\"}}],\"inLanguage\":\"en-US\"},{\"@type\":\"Organization\",\"@id\":\"https:\\\/\\\/lequartierfrancophone.ch\\\/#organization\",\"name\":\"Le Quartier Francophone L\u00e9man\",\"url\":\"https:\\\/\\\/lequartierfrancophone.ch\\\/\",\"logo\":{\"@type\":\"ImageObject\",\"inLanguage\":\"en-US\",\"@id\":\"https:\\\/\\\/lequartierfrancophone.ch\\\/#\\\/schema\\\/logo\\\/image\\\/\",\"url\":\"https:\\\/\\\/lequartierfrancophone.ch\\\/wp-content\\\/uploads\\\/2024\\\/10\\\/open-graph-1.png\",\"contentUrl\":\"https:\\\/\\\/lequartierfrancophone.ch\\\/wp-content\\\/uploads\\\/2024\\\/10\\\/open-graph-1.png\",\"width\":1200,\"height\":323,\"caption\":\"Le Quartier Francophone L\u00e9man\"},\"image\":{\"@id\":\"https:\\\/\\\/lequartierfrancophone.ch\\\/#\\\/schema\\\/logo\\\/image\\\/\"},\"sameAs\":[\"https:\\\/\\\/www.facebook.com\\\/lequartierfrancophoneleman\\\/\",\"https:\\\/\\\/www.instagram.com\\\/lequartierfrancophone_leman\\\/\"]}]}<\/script>\n<!-- \/ Yoast SEO Premium plugin. -->","yoast_head_json":{"title":"Partnerships - Le Quartier Francophone Gen\u00e8ve","description":"Become a partner of Le Quartier Francophone school in Geneva. Discover our opportunities for collaboration and develop educational projects together.","robots":{"index":"index","follow":"follow","max-snippet":"max-snippet:-1","max-image-preview":"max-image-preview:large","max-video-preview":"max-video-preview:-1"},"canonical":"https:\/\/lequartierfrancophone.ch\/en\/affiliate-program\/","og_locale":"en_US","og_type":"article","og_title":"Partenariats","og_description":"Devenez partenaire de l'\u00e9cole Le Quartier Francophone \u00e0 Gen\u00e8ve. D\u00e9couvrez nos opportunit\u00e9s de collaboration et d\u00e9veloppons ensemble des projets \u00e9ducatifs.","og_url":"https:\/\/lequartierfrancophone.ch\/en\/affiliate-program\/","og_site_name":"Le Quartier Francophone Gen\u00e8ve","article_publisher":"https:\/\/www.facebook.com\/lequartierfrancophoneleman\/","article_modified_time":"2026-01-28T14:23:09+00:00","og_image":[{"width":2560,"height":1388,"url":"https:\/\/lequartierfrancophone.ch\/wp-content\/uploads\/2024\/09\/le-quartier-francophone-accueil-scaled.webp","type":"image\/webp"}],"twitter_card":"summary_large_image","schema":{"@context":"https:\/\/schema.org","@graph":[{"@type":"WebPage","@id":"https:\/\/lequartierfrancophone.ch\/programme-daffiliation\/","url":"https:\/\/lequartierfrancophone.ch\/programme-daffiliation\/","name":"Partnerships - Le Quartier Francophone Gen\u00e8ve","isPartOf":{"@id":"https:\/\/lequartierfrancophone.ch\/#website"},"datePublished":"2024-08-12T13:44:15+00:00","dateModified":"2026-01-28T14:23:09+00:00","description":"Become a partner of Le Quartier Francophone school in Geneva. Discover our opportunities for collaboration and develop educational projects together.","breadcrumb":{"@id":"https:\/\/lequartierfrancophone.ch\/programme-daffiliation\/#breadcrumb"},"inLanguage":"en-US","potentialAction":[{"@type":"ReadAction","target":["https:\/\/lequartierfrancophone.ch\/programme-daffiliation\/"]}]},{"@type":"BreadcrumbList","@id":"https:\/\/lequartierfrancophone.ch\/programme-daffiliation\/#breadcrumb","itemListElement":[{"@type":"ListItem","position":1,"name":"Accueil","item":"https:\/\/lequartierfrancophone.ch\/"},{"@type":"ListItem","position":2,"name":"Partenariats"}]},{"@type":"WebSite","@id":"https:\/\/lequartierfrancophone.ch\/#website","url":"https:\/\/lequartierfrancophone.ch\/","name":"Online and face-to-face French courses Le Quartier Francophone L\u00e9man","description":"Learn languages differently!","publisher":{"@id":"https:\/\/lequartierfrancophone.ch\/#organization"},"potentialAction":[{"@type":"SearchAction","target":{"@type":"EntryPoint","urlTemplate":"https:\/\/lequartierfrancophone.ch\/?s={search_term_string}"},"query-input":{"@type":"PropertyValueSpecification","valueRequired":true,"valueName":"search_term_string"}}],"inLanguage":"en-US"},{"@type":"Organization","@id":"https:\/\/lequartierfrancophone.ch\/#organization","name":"Le Quartier Francophone L\u00e9man","url":"https:\/\/lequartierfrancophone.ch\/","logo":{"@type":"ImageObject","inLanguage":"en-US","@id":"https:\/\/lequartierfrancophone.ch\/#\/schema\/logo\/image\/","url":"https:\/\/lequartierfrancophone.ch\/wp-content\/uploads\/2024\/10\/open-graph-1.png","contentUrl":"https:\/\/lequartierfrancophone.ch\/wp-content\/uploads\/2024\/10\/open-graph-1.png","width":1200,"height":323,"caption":"Le Quartier Francophone L\u00e9man"},"image":{"@id":"https:\/\/lequartierfrancophone.ch\/#\/schema\/logo\/image\/"},"sameAs":["https:\/\/www.facebook.com\/lequartierfrancophoneleman\/","https:\/\/www.instagram.com\/lequartierfrancophone_leman\/"]}]}},"_links":{"self":[{"href":"https:\/\/lequartierfrancophone.ch\/en\/wp-json\/wp\/v2\/pages\/86","targetHints":{"allow":["GET"]}}],"collection":[{"href":"https:\/\/lequartierfrancophone.ch\/en\/wp-json\/wp\/v2\/pages"}],"about":[{"href":"https:\/\/lequartierfrancophone.ch\/en\/wp-json\/wp\/v2\/types\/page"}],"author":[{"embeddable":true,"href":"https:\/\/lequartierfrancophone.ch\/en\/wp-json\/wp\/v2\/users\/4"}],"replies":[{"embeddable":true,"href":"https:\/\/lequartierfrancophone.ch\/en\/wp-json\/wp\/v2\/comments?post=86"}],"version-history":[{"count":1,"href":"https:\/\/lequartierfrancophone.ch\/en\/wp-json\/wp\/v2\/pages\/86\/revisions"}],"predecessor-version":[{"id":28198,"href":"https:\/\/lequartierfrancophone.ch\/en\/wp-json\/wp\/v2\/pages\/86\/revisions\/28198"}],"wp:attachment":[{"href":"https:\/\/lequartierfrancophone.ch\/en\/wp-json\/wp\/v2\/media?parent=86"}],"curies":[{"name":"wp","href":"https:\/\/api.w.org\/{rel}","templated":true}]}}