{"id":84,"date":"2024-08-12T13:44:00","date_gmt":"2024-08-12T13:44:00","guid":{"rendered":"https:\/\/lqf.vbc.su\/?page_id=84"},"modified":"2026-01-23T09:45:32","modified_gmt":"2026-01-23T08:45:32","slug":"media","status":"publish","type":"page","link":"https:\/\/lequartierfrancophone.ch\/en\/medias\/","title":{"rendered":"Media"},"content":{"rendered":"\t\t<div data-elementor-type=\"wp-page\" data-elementor-id=\"84\" class=\"elementor elementor-84\" data-elementor-post-type=\"page\">\n\t\t\t\t<div class=\"elementor-element elementor-element-6f43623 e-flex e-con-boxed e-con e-parent\" data-id=\"6f43623\" data-element_type=\"container\">\n\t\t\t\t\t<div class=\"e-con-inner\">\n\t\t\t\t<div class=\"elementor-element elementor-element-a9aa456 elementor-widget elementor-widget-heading\" data-id=\"a9aa456\" data-element_type=\"widget\" data-widget_type=\"heading.default\">\n\t\t\t\t\t<h1 class=\"elementor-heading-title elementor-size-default\">Medias<\/h1>\t\t\t\t<\/div>\n\t\t\t\t<div class=\"elementor-element elementor-element-0054e90 elementor-widget__width-auto elementor-toc--minimized-on-tablet elementor-widget elementor-widget-table-of-contents\" data-id=\"0054e90\" data-element_type=\"widget\" data-settings=\"{&quot;exclude_headings_by_selector&quot;:[],&quot;marker_view&quot;:&quot;bullets&quot;,&quot;icon&quot;:{&quot;value&quot;:&quot;&quot;,&quot;library&quot;:&quot;&quot;},&quot;no_headings_message&quot;:&quot;Aucun titre n\\u2019a \\u00e9t\\u00e9 trouv\\u00e9 sur cette page.&quot;,&quot;headings_by_tags&quot;:[&quot;h2&quot;,&quot;h3&quot;,&quot;h4&quot;,&quot;h5&quot;,&quot;h6&quot;],&quot;minimize_box&quot;:&quot;yes&quot;,&quot;minimized_on&quot;:&quot;tablet&quot;,&quot;hierarchical_view&quot;:&quot;yes&quot;,&quot;min_height&quot;:{&quot;unit&quot;:&quot;px&quot;,&quot;size&quot;:&quot;&quot;,&quot;sizes&quot;:[]},&quot;min_height_widescreen&quot;:{&quot;unit&quot;:&quot;px&quot;,&quot;size&quot;:&quot;&quot;,&quot;sizes&quot;:[]},&quot;min_height_laptop&quot;:{&quot;unit&quot;:&quot;px&quot;,&quot;size&quot;:&quot;&quot;,&quot;sizes&quot;:[]},&quot;min_height_tablet_extra&quot;:{&quot;unit&quot;:&quot;px&quot;,&quot;size&quot;:&quot;&quot;,&quot;sizes&quot;:[]},&quot;min_height_tablet&quot;:{&quot;unit&quot;:&quot;px&quot;,&quot;size&quot;:&quot;&quot;,&quot;sizes&quot;:[]},&quot;min_height_mobile_extra&quot;:{&quot;unit&quot;:&quot;px&quot;,&quot;size&quot;:&quot;&quot;,&quot;sizes&quot;:[]},&quot;min_height_mobile&quot;:{&quot;unit&quot;:&quot;px&quot;,&quot;size&quot;:&quot;&quot;,&quot;sizes&quot;:[]}}\" data-widget_type=\"table-of-contents.default\">\n\t\t\t\t\t\t\t\t\t<div class=\"elementor-toc__header\">\n\t\t\t\t\t\t<h4 class=\"elementor-toc__header-title\">\n\t\t\t\tTable des mati\u00e8res\t\t\t<\/h4>\n\t\t\t\t\t\t\t\t\t\t<div class=\"elementor-toc__toggle-button elementor-toc__toggle-button--expand\" role=\"button\" tabindex=\"0\" aria-controls=\"elementor-toc__0054e90\" aria-expanded=\"true\" aria-label=\"Open table of contents\"><svg aria-hidden=\"true\" class=\"e-font-icon-svg e-fas-chevron-down\" viewBox=\"0 0 448 512\" xmlns=\"http:\/\/www.w3.org\/2000\/svg\"><path d=\"M207.029 381.476L12.686 187.132c-9.373-9.373-9.373-24.569 0-33.941l22.667-22.667c9.357-9.357 24.522-9.375 33.901-.04L224 284.505l154.745-154.021c9.379-9.335 24.544-9.317 33.901.04l22.667 22.667c9.373 9.373 9.373 24.569 0 33.941L240.971 381.476c-9.373 9.372-24.569 9.372-33.942 0z\"><\/path><\/svg><\/div>\n\t\t\t\t<div class=\"elementor-toc__toggle-button elementor-toc__toggle-button--collapse\" role=\"button\" tabindex=\"0\" aria-controls=\"elementor-toc__0054e90\" aria-expanded=\"true\" aria-label=\"Close table of contents\"><svg aria-hidden=\"true\" class=\"e-font-icon-svg e-fas-chevron-up\" viewBox=\"0 0 448 512\" xmlns=\"http:\/\/www.w3.org\/2000\/svg\"><path d=\"M240.971 130.524l194.343 194.343c9.373 9.373 9.373 24.569 0 33.941l-22.667 22.667c-9.357 9.357-24.522 9.375-33.901.04L224 227.495 69.255 381.516c-9.379 9.335-24.544 9.317-33.901-.04l-22.667-22.667c-9.373-9.373-9.373-24.569 0-33.941L207.03 130.525c9.372-9.373 24.568-9.373 33.941-.001z\"><\/path><\/svg><\/div>\n\t\t\t\t\t<\/div>\n\t\t\t\t<div id=\"elementor-toc__0054e90\" class=\"elementor-toc__body\">\n\t\t\t<div class=\"elementor-toc__spinner-container\">\n\t\t\t\t<svg class=\"elementor-toc__spinner eicon-animation-spin e-font-icon-svg e-eicon-loading\" aria-hidden=\"true\" viewBox=\"0 0 1000 1000\" xmlns=\"http:\/\/www.w3.org\/2000\/svg\"><path d=\"M500 975V858C696 858 858 696 858 500S696 142 500 142 142 304 142 500H25C25 237 238 25 500 25S975 237 975 500 763 975 500 975Z\"><\/path><\/svg>\t\t\t<\/div>\n\t\t<\/div>\n\t\t\t\t\t\t<\/div>\n\t\t\t\t<div class=\"elementor-element elementor-element-030c8aa pad-tb-m elementor-widget elementor-widget-heading\" data-id=\"030c8aa\" data-element_type=\"widget\" data-widget_type=\"heading.default\">\n\t\t\t\t\t<h2 class=\"elementor-heading-title elementor-size-default\">Article de la revue \"Le fran\u00e7ais dans le monde\" Janvier-f\u00e9vrier 2025<\/h2>\t\t\t\t<\/div>\n\t\t\t\t<div class=\"elementor-element elementor-element-9e323fd elementor-widget elementor-widget-embedpress_pdf\" data-id=\"9e323fd\" data-element_type=\"widget\" data-widget_type=\"embedpress_pdf.default\">\n\t\t\t\t<div class=\"elementor-widget-container\">\n\t\t\t\t\t    <div class=\"embedpress-document-embed ep-doc-195c57c20ffbf12ac0e9c5622902b325 ose-document emebedpress-unit-percent \" data-thememode=\"default\" data-customcolor=\"\" data-toolbar=\"yes\" data-toolbar-position=\"top\" data-open=\"no\" data-presentation-mode=\"yes\" data-download=\"yes\" data-copy=\"yes\" data-add-image=\"yes\" data-rotate=\"yes\" data-details=\"yes\" data-id=\"embedpress-pdf-9e323fd\" data-selection-tool=\"0\" data-scrolling=\"0\" data-spreads=\"-1\" style=\" max-width:100%; display: inline-block\">\n\n        \n                <div >\n\n                    <div id=\"ep-elementor-content-9e323fd\" class=\"ep-elementor-content   ep-percentage-width   ep-content-protection-disabled\">\n                        <div id=\"9e323fd\" class=\"ep-embed-content-wraper\">\n                            <div><iframe title=\"article francais dans le monde\" class=\"embedpress-embed-document-pdf embedpress-pdf-9e323fd\" style=\"width: 600%!important;height: 600px;; max-width:100%; display: inline-block\" src=\"https:\/\/lequartierfrancophone.ch\/wp-admin\/admin-ajax.php?action=get_viewer&#038;file=https%3A%2F%2Flequartierfrancophone.ch%2Fwp-content%2Fuploads%2F2025%2F01%2Farticle-francais-dans-le-monde.pdf&#038;scrolling=0&#038;selection_tool=0&#038;spreads=-1#key=dGhlbWVNb2RlPWRlZmF1bHQmdG9vbGJhcj10cnVlJnBvc2l0aW9uPXRvcCZwcmVzZW50YXRpb249dHJ1ZSZsYXp5TG9hZD1mYWxzZSZkb3dubG9hZD10cnVlJmNvcHlfdGV4dD10cnVlJmFkZF90ZXh0PXRydWUmZHJhdz10cnVlJmFkZF9pbWFnZT10cnVlJnBkZl9yb3RhdGlvbj10cnVlJnBkZl9kZXRhaWxzPXRydWUmem9vbV9pbj10cnVlJnpvb21fb3V0PXRydWUmZml0X3ZpZXc9dHJ1ZSZib29rbWFyaz10cnVlJnNvdW5kPXRydWUmZmxpcGJvb2tfdG9vbGJhcl9wb3NpdGlvbj1ib3R0b20mc2VsZWN0aW9uX3Rvb2w9MCZzY3JvbGxpbmc9MCZzcHJlYWRzPS0xJmlzX3Byb19hY3RpdmU9MCZwYWdlTnVtYmVyPTEmd2F0ZXJtYXJrX3RleHQ9JndhdGVybWFya19mb250X3NpemU9NDgmd2F0ZXJtYXJrX2NvbG9yPSUyMzAwMDAwMCZ3YXRlcm1hcmtfb3BhY2l0eT0xNSZ3YXRlcm1hcmtfc3R5bGU9Y2VudGVy&#038;zoom=auto\" class=\"embedpress-embed-document-pdf embedpress-pdf-9e323fd\" data-emid=\"embedpress-pdf-9e323fd\" data-embed-type=\"PDF\" frameborder=\"0\"><\/iframe><p class=\"embedpress-el-powered\">Powered By EmbedPress<\/p><\/div>                        <\/div>\n\n                    <\/div>\n\n\n                   \n                <\/div>\n            \n    <\/div>\n\n\t\t\t\t<\/div>\n\t\t\t\t<\/div>\n\t\t\t\t<div class=\"elementor-element elementor-element-bdecb6d elementor-mobile-align-center elementor-hidden-widescreen elementor-hidden-desktop elementor-hidden-laptop elementor-hidden-tablet_extra elementor-hidden-tablet elementor-hidden-mobile_extra elementor-widget elementor-widget-button\" data-id=\"bdecb6d\" data-element_type=\"widget\" data-widget_type=\"button.default\">\n\t\t\t\t\t\t\t\t\t\t<a class=\"elementor-button elementor-button-link elementor-size-sm\" href=\"https:\/\/lequartierfrancophone.ch\/wp-content\/uploads\/2025\/01\/article-francais-dans-le-monde.pdf\" download=\"article-francais-dans-le-monde\">\n\t\t\t\t\t\t<span class=\"elementor-button-content-wrapper\">\n\t\t\t\t\t\t\t\t\t<span class=\"elementor-button-text\">T\u00e9l\u00e9charger<\/span>\n\t\t\t\t\t<\/span>\n\t\t\t\t\t<\/a>\n\t\t\t\t\t\t\t\t<\/div>\n\t\t\t\t<div class=\"elementor-element elementor-element-c765e6d pad-tb-m elementor-widget elementor-widget-heading\" data-id=\"c765e6d\" data-element_type=\"widget\" data-widget_type=\"heading.default\">\n\t\t\t\t\t<h2 class=\"elementor-heading-title elementor-size-default\">Article en ligne du laboratoire \"Language and brain\"<\/h2>\t\t\t\t<\/div>\n\t\t\t\t<div class=\"elementor-element elementor-element-7d4f3ec elementor-widget elementor-widget-html\" data-id=\"7d4f3ec\" data-element_type=\"widget\" data-widget_type=\"html.default\">\n\t\t\t\t\t<iframe src=\"https:\/\/www.hse.ru\/en\/neuroling\/news\/882173892.html\" style=\"height:2000px !important;\" frameborder=\"0\"><\/iframe>\t\t\t\t<\/div>\n\t\t\t\t\t<\/div>\n\t\t\t\t<\/div>\n\t\t\t\t<\/div>\n\t\t","protected":false},"excerpt":{"rendered":"<p>Medias Table of contents Article from the magazine \u00abLe fran\u00e7ais dans le monde\u00bb January-February 2025 Powered By EmbedPress Download Online article from the \u00abLanguage and brain\u00bb laboratory.\u00bb<\/p>","protected":false},"author":4,"featured_media":0,"parent":0,"menu_order":7,"comment_status":"closed","ping_status":"closed","template":"","meta":{"_acf_changed":false,"footnotes":""},"class_list":["post-84","page","type-page","status-publish","hentry"],"acf":[],"yoast_head":"<!-- This site is optimized with the Yoast SEO Premium plugin v26.0 (Yoast SEO v27.5) - https:\/\/yoast.com\/product\/yoast-seo-premium-wordpress\/ -->\n<title>Medias - Le Quartier Francophone Gen\u00e8ve<\/title>\n<meta name=\"description\" content=\"D\u00e9couvrez l&#039;expertise de Gabriel Demiaux sur l&#039;ANL et les neurosciences. Articles du magazine &quot;Le fran\u00e7ais dans le monde&quot; et collab avec le labo Language &amp; Brain.\" \/>\n<meta name=\"robots\" content=\"index, follow, max-snippet:-1, max-image-preview:large, max-video-preview:-1\" \/>\n<link rel=\"canonical\" href=\"https:\/\/lequartierfrancophone.ch\/en\/media\/\" \/>\n<meta property=\"og:locale\" content=\"en_US\" \/>\n<meta property=\"og:type\" content=\"article\" \/>\n<meta property=\"og:title\" content=\"Medias\" \/>\n<meta property=\"og:description\" content=\"D\u00e9couvrez l&#039;expertise de Gabriel Demiaux sur l&#039;ANL et les neurosciences. Articles du magazine &quot;Le fran\u00e7ais dans le monde&quot; et collab avec le labo Language &amp; Brain.\" \/>\n<meta property=\"og:url\" content=\"https:\/\/lequartierfrancophone.ch\/en\/media\/\" \/>\n<meta property=\"og:site_name\" content=\"Le Quartier Francophone Gen\u00e8ve\" \/>\n<meta property=\"article:publisher\" content=\"https:\/\/www.facebook.com\/lequartierfrancophoneleman\/\" \/>\n<meta property=\"article:modified_time\" content=\"2026-01-23T08:45:32+00:00\" \/>\n<meta property=\"og:image\" content=\"https:\/\/lequartierfrancophone.ch\/wp-content\/uploads\/2024\/09\/le-quartier-francophone-accueil-scaled.webp\" \/>\n\t<meta property=\"og:image:width\" content=\"2560\" \/>\n\t<meta property=\"og:image:height\" content=\"1388\" \/>\n\t<meta property=\"og:image:type\" content=\"image\/webp\" \/>\n<meta name=\"twitter:card\" content=\"summary_large_image\" \/>\n<meta name=\"twitter:label1\" content=\"Est. reading time\" \/>\n\t<meta name=\"twitter:data1\" content=\"1 minute\" \/>\n<script type=\"application\/ld+json\" class=\"yoast-schema-graph\">{\"@context\":\"https:\\\/\\\/schema.org\",\"@graph\":[{\"@type\":\"WebPage\",\"@id\":\"https:\\\/\\\/lequartierfrancophone.ch\\\/medias\\\/\",\"url\":\"https:\\\/\\\/lequartierfrancophone.ch\\\/medias\\\/\",\"name\":\"Medias - Le Quartier Francophone Gen\u00e8ve\",\"isPartOf\":{\"@id\":\"https:\\\/\\\/lequartierfrancophone.ch\\\/#website\"},\"datePublished\":\"2024-08-12T13:44:00+00:00\",\"dateModified\":\"2026-01-23T08:45:32+00:00\",\"description\":\"D\u00e9couvrez l'expertise de Gabriel Demiaux sur l'ANL et les neurosciences. Articles du magazine \\\"Le fran\u00e7ais dans le monde\\\" et collab avec le labo Language & Brain.\",\"breadcrumb\":{\"@id\":\"https:\\\/\\\/lequartierfrancophone.ch\\\/medias\\\/#breadcrumb\"},\"inLanguage\":\"en-US\",\"potentialAction\":[{\"@type\":\"ReadAction\",\"target\":[\"https:\\\/\\\/lequartierfrancophone.ch\\\/medias\\\/\"]}]},{\"@type\":\"BreadcrumbList\",\"@id\":\"https:\\\/\\\/lequartierfrancophone.ch\\\/medias\\\/#breadcrumb\",\"itemListElement\":[{\"@type\":\"ListItem\",\"position\":1,\"name\":\"Accueil\",\"item\":\"https:\\\/\\\/lequartierfrancophone.ch\\\/\"},{\"@type\":\"ListItem\",\"position\":2,\"name\":\"Medias\"}]},{\"@type\":\"WebSite\",\"@id\":\"https:\\\/\\\/lequartierfrancophone.ch\\\/#website\",\"url\":\"https:\\\/\\\/lequartierfrancophone.ch\\\/\",\"name\":\"Cours de fran\u00e7ais en ligne et en face \u00e0 face Le Quartier Francophone L\u00e9man\",\"description\":\"Apprenez les langues autrement !\",\"publisher\":{\"@id\":\"https:\\\/\\\/lequartierfrancophone.ch\\\/#organization\"},\"potentialAction\":[{\"@type\":\"SearchAction\",\"target\":{\"@type\":\"EntryPoint\",\"urlTemplate\":\"https:\\\/\\\/lequartierfrancophone.ch\\\/?s={search_term_string}\"},\"query-input\":{\"@type\":\"PropertyValueSpecification\",\"valueRequired\":true,\"valueName\":\"search_term_string\"}}],\"inLanguage\":\"en-US\"},{\"@type\":\"Organization\",\"@id\":\"https:\\\/\\\/lequartierfrancophone.ch\\\/#organization\",\"name\":\"Le Quartier Francophone L\u00e9man\",\"url\":\"https:\\\/\\\/lequartierfrancophone.ch\\\/\",\"logo\":{\"@type\":\"ImageObject\",\"inLanguage\":\"en-US\",\"@id\":\"https:\\\/\\\/lequartierfrancophone.ch\\\/#\\\/schema\\\/logo\\\/image\\\/\",\"url\":\"https:\\\/\\\/lequartierfrancophone.ch\\\/wp-content\\\/uploads\\\/2024\\\/10\\\/open-graph-1.png\",\"contentUrl\":\"https:\\\/\\\/lequartierfrancophone.ch\\\/wp-content\\\/uploads\\\/2024\\\/10\\\/open-graph-1.png\",\"width\":1200,\"height\":323,\"caption\":\"Le Quartier Francophone L\u00e9man\"},\"image\":{\"@id\":\"https:\\\/\\\/lequartierfrancophone.ch\\\/#\\\/schema\\\/logo\\\/image\\\/\"},\"sameAs\":[\"https:\\\/\\\/www.facebook.com\\\/lequartierfrancophoneleman\\\/\",\"https:\\\/\\\/www.instagram.com\\\/lequartierfrancophone_leman\\\/\"]}]}<\/script>\n<!-- \/ Yoast SEO Premium plugin. -->","yoast_head_json":{"title":"Media - Le Quartier Francophone Gen\u00e8ve","description":"Discover Gabriel Demiaux's expertise on ANL and neuroscience. Articles for \"Le fran\u00e7ais dans le monde\" magazine and collaboration with the Language &amp; Brain lab.","robots":{"index":"index","follow":"follow","max-snippet":"max-snippet:-1","max-image-preview":"max-image-preview:large","max-video-preview":"max-video-preview:-1"},"canonical":"https:\/\/lequartierfrancophone.ch\/en\/media\/","og_locale":"en_US","og_type":"article","og_title":"Medias","og_description":"D\u00e9couvrez l'expertise de Gabriel Demiaux sur l'ANL et les neurosciences. Articles du magazine \"Le fran\u00e7ais dans le monde\" et collab avec le labo Language & Brain.","og_url":"https:\/\/lequartierfrancophone.ch\/en\/media\/","og_site_name":"Le Quartier Francophone Gen\u00e8ve","article_publisher":"https:\/\/www.facebook.com\/lequartierfrancophoneleman\/","article_modified_time":"2026-01-23T08:45:32+00:00","og_image":[{"width":2560,"height":1388,"url":"https:\/\/lequartierfrancophone.ch\/wp-content\/uploads\/2024\/09\/le-quartier-francophone-accueil-scaled.webp","type":"image\/webp"}],"twitter_card":"summary_large_image","twitter_misc":{"Est. reading time":"1 minute"},"schema":{"@context":"https:\/\/schema.org","@graph":[{"@type":"WebPage","@id":"https:\/\/lequartierfrancophone.ch\/medias\/","url":"https:\/\/lequartierfrancophone.ch\/medias\/","name":"Media - Le Quartier Francophone Gen\u00e8ve","isPartOf":{"@id":"https:\/\/lequartierfrancophone.ch\/#website"},"datePublished":"2024-08-12T13:44:00+00:00","dateModified":"2026-01-23T08:45:32+00:00","description":"Discover Gabriel Demiaux's expertise on ANL and neuroscience. Articles for \"Le fran\u00e7ais dans le monde\" magazine and collaboration with the Language &amp; Brain lab.","breadcrumb":{"@id":"https:\/\/lequartierfrancophone.ch\/medias\/#breadcrumb"},"inLanguage":"en-US","potentialAction":[{"@type":"ReadAction","target":["https:\/\/lequartierfrancophone.ch\/medias\/"]}]},{"@type":"BreadcrumbList","@id":"https:\/\/lequartierfrancophone.ch\/medias\/#breadcrumb","itemListElement":[{"@type":"ListItem","position":1,"name":"Accueil","item":"https:\/\/lequartierfrancophone.ch\/"},{"@type":"ListItem","position":2,"name":"Medias"}]},{"@type":"WebSite","@id":"https:\/\/lequartierfrancophone.ch\/#website","url":"https:\/\/lequartierfrancophone.ch\/","name":"Online and face-to-face French courses Le Quartier Francophone L\u00e9man","description":"Learn languages differently!","publisher":{"@id":"https:\/\/lequartierfrancophone.ch\/#organization"},"potentialAction":[{"@type":"SearchAction","target":{"@type":"EntryPoint","urlTemplate":"https:\/\/lequartierfrancophone.ch\/?s={search_term_string}"},"query-input":{"@type":"PropertyValueSpecification","valueRequired":true,"valueName":"search_term_string"}}],"inLanguage":"en-US"},{"@type":"Organization","@id":"https:\/\/lequartierfrancophone.ch\/#organization","name":"Le Quartier Francophone L\u00e9man","url":"https:\/\/lequartierfrancophone.ch\/","logo":{"@type":"ImageObject","inLanguage":"en-US","@id":"https:\/\/lequartierfrancophone.ch\/#\/schema\/logo\/image\/","url":"https:\/\/lequartierfrancophone.ch\/wp-content\/uploads\/2024\/10\/open-graph-1.png","contentUrl":"https:\/\/lequartierfrancophone.ch\/wp-content\/uploads\/2024\/10\/open-graph-1.png","width":1200,"height":323,"caption":"Le Quartier Francophone L\u00e9man"},"image":{"@id":"https:\/\/lequartierfrancophone.ch\/#\/schema\/logo\/image\/"},"sameAs":["https:\/\/www.facebook.com\/lequartierfrancophoneleman\/","https:\/\/www.instagram.com\/lequartierfrancophone_leman\/"]}]}},"_links":{"self":[{"href":"https:\/\/lequartierfrancophone.ch\/en\/wp-json\/wp\/v2\/pages\/84","targetHints":{"allow":["GET"]}}],"collection":[{"href":"https:\/\/lequartierfrancophone.ch\/en\/wp-json\/wp\/v2\/pages"}],"about":[{"href":"https:\/\/lequartierfrancophone.ch\/en\/wp-json\/wp\/v2\/types\/page"}],"author":[{"embeddable":true,"href":"https:\/\/lequartierfrancophone.ch\/en\/wp-json\/wp\/v2\/users\/4"}],"replies":[{"embeddable":true,"href":"https:\/\/lequartierfrancophone.ch\/en\/wp-json\/wp\/v2\/comments?post=84"}],"version-history":[{"count":4,"href":"https:\/\/lequartierfrancophone.ch\/en\/wp-json\/wp\/v2\/pages\/84\/revisions"}],"predecessor-version":[{"id":28189,"href":"https:\/\/lequartierfrancophone.ch\/en\/wp-json\/wp\/v2\/pages\/84\/revisions\/28189"}],"wp:attachment":[{"href":"https:\/\/lequartierfrancophone.ch\/en\/wp-json\/wp\/v2\/media?parent=84"}],"curies":[{"name":"wp","href":"https:\/\/api.w.org\/{rel}","templated":true}]}}