{"id":82,"date":"2024-08-12T13:43:42","date_gmt":"2024-08-12T13:43:42","guid":{"rendered":"https:\/\/lqf.vbc.su\/?page_id=82"},"modified":"2025-12-01T22:21:19","modified_gmt":"2025-12-01T21:21:19","slug":"teacher-training","status":"publish","type":"page","link":"https:\/\/lequartierfrancophone.ch\/en\/formation-de-professeurs\/","title":{"rendered":"Teacher training"},"content":{"rendered":"\t\t<div data-elementor-type=\"wp-page\" data-elementor-id=\"82\" class=\"elementor elementor-82\" data-elementor-post-type=\"page\">\n\t\t\t\t<div class=\"elementor-element elementor-element-c2c85d4 e-flex e-con-boxed e-con e-parent\" data-id=\"c2c85d4\" data-element_type=\"container\">\n\t\t\t\t\t<div class=\"e-con-inner\">\n\t\t\t\t<div class=\"elementor-element elementor-element-b9ff13c elementor-widget elementor-widget-heading\" data-id=\"b9ff13c\" data-element_type=\"widget\" data-widget_type=\"heading.default\">\n\t\t\t\t\t<h1 class=\"elementor-heading-title elementor-size-default\">Formation de professeurs<\/h1>\t\t\t\t<\/div>\n\t\t\t\t<div class=\"elementor-element elementor-element-3a6a79e pad-m elementor-widget elementor-widget-heading\" data-id=\"3a6a79e\" data-element_type=\"widget\" data-widget_type=\"heading.default\">\n\t\t\t\t\t<h2 class=\"elementor-heading-title elementor-size-default\">Formation \u00e0 l'enseignement des langues \u00e9trang\u00e8res avec l'approche neurolinguistique (ANL)<\/h2>\t\t\t\t<\/div>\n\t\t<div class=\"elementor-element elementor-element-2d686ba e-con-full e-flex e-con e-child\" data-id=\"2d686ba\" data-element_type=\"container\">\n\t\t\t\t<div class=\"elementor-element elementor-element-b7f1db4 elementor-widget__width-initial elementor-widget elementor-widget-text-editor\" data-id=\"b7f1db4\" data-element_type=\"widget\" data-widget_type=\"text-editor.default\">\n\t\t\t\t\t\t\t\t\t<p>Depuis 2020, tous nos professeurs enseignent le fran\u00e7ais \u00e0 l&rsquo;aide de cette approche. <br \/>Nous organisons occasionnellement des formations certifiantes en partenariat avec le Cifran, notre partenaire sp\u00e9cialis\u00e9.<br \/>Nous esp\u00e9rons qu&rsquo;un jour l&rsquo;ANL obtiendra la reconnaissance qu&rsquo;elle m\u00e9rite et se pr\u00e9sentera \u00e0 grande \u00e9chelle comme une alternative aux m\u00e9thodes traditionnelles.<\/p>\t\t\t\t\t\t\t\t<\/div>\n\t\t\t\t<div class=\"elementor-element elementor-element-6dd8d5e elementor-widget__width-initial elementor-widget elementor-widget-image\" data-id=\"6dd8d5e\" data-element_type=\"widget\" data-widget_type=\"image.default\">\n\t\t\t\t\t\t\t\t\t\t\t\t<figure class=\"wp-caption\">\n\t\t\t\t\t\t\t\t\t\t\t<a href=\"https:\/\/cifran.org\/\" target=\"_blank\">\n\t\t\t\t\t\t\t<img fetchpriority=\"high\" decoding=\"async\" width=\"777\" height=\"417\" src=\"https:\/\/lequartierfrancophone.ch\/wp-content\/uploads\/2025\/04\/CiFRAN-Logo-bulle-nom-noir.png\" class=\"attachment-large size-large wp-image-26471\" alt=\"\" srcset=\"https:\/\/lequartierfrancophone.ch\/wp-content\/uploads\/2025\/04\/CiFRAN-Logo-bulle-nom-noir.png 777w, https:\/\/lequartierfrancophone.ch\/wp-content\/uploads\/2025\/04\/CiFRAN-Logo-bulle-nom-noir-768x412.png 768w, https:\/\/lequartierfrancophone.ch\/wp-content\/uploads\/2025\/04\/CiFRAN-Logo-bulle-nom-noir-18x10.png 18w\" sizes=\"(max-width: 777px) 100vw, 777px\" \/>\t\t\t\t\t\t\t\t<\/a>\n\t\t\t\t\t\t\t\t\t\t\t<figcaption class=\"widget-image-caption wp-caption-text\"><\/figcaption>\n\t\t\t\t\t\t\t\t\t\t<\/figure>\n\t\t\t\t\t\t\t\t\t<\/div>\n\t\t\t\t<\/div>\n\t\t\t\t<div class=\"elementor-element elementor-element-32517bd elementor-widget__width-initial pad-t-s elementor-widget elementor-widget-video\" data-id=\"32517bd\" data-element_type=\"widget\" data-settings=\"{&quot;youtube_url&quot;:&quot;https:\\\/\\\/youtu.be\\\/Y_ki8SkKr0s&quot;,&quot;video_type&quot;:&quot;youtube&quot;,&quot;controls&quot;:&quot;yes&quot;}\" data-widget_type=\"video.default\">\n\t\t\t\t\t\t\t<div class=\"elementor-wrapper elementor-open-inline\">\n\t\t\t<div class=\"elementor-video\"><\/div>\t\t<\/div>\n\t\t\t\t\t\t<\/div>\n\t\t\t\t\t<\/div>\n\t\t\t\t<\/div>\n\t\t<div class=\"elementor-element elementor-element-d79de31 e-flex e-con-boxed e-con e-parent\" data-id=\"d79de31\" data-element_type=\"container\">\n\t\t\t\t\t<div class=\"e-con-inner\">\n\t\t<div class=\"elementor-element elementor-element-aa809d0 e-con-full e-flex e-con e-child\" data-id=\"aa809d0\" data-element_type=\"container\">\n\t\t\t\t<div class=\"elementor-element elementor-element-62c7386 pad-t-m elementor-widget elementor-widget-heading\" data-id=\"62c7386\" data-element_type=\"widget\" data-widget_type=\"heading.default\">\n\t\t\t\t\t<h2 class=\"elementor-heading-title elementor-size-default\">Formations ANL \u00e0 venir<\/h2>\t\t\t\t<\/div>\n\t\t\t\t<div class=\"elementor-element elementor-element-286e97c pad-b-s elementor-widget elementor-widget-text-editor\" data-id=\"286e97c\" data-element_type=\"widget\" data-widget_type=\"text-editor.default\">\n\t\t\t\t\t\t\t\t\t<p>Contactez-nous pour avoir des informations sur les prochaines formations en Suisse.<\/p>\t\t\t\t\t\t\t\t<\/div>\n\t\t\t\t<div class=\"elementor-element elementor-element-3b8ab9d elementor-button-align-start elementor-widget__width-initial elementor-widget-laptop__width-initial elementor-widget-mobile__width-initial elementor-widget elementor-widget-global elementor-global-26474 elementor-widget-form\" data-id=\"3b8ab9d\" data-element_type=\"widget\" data-settings=\"{&quot;step_next_label&quot;:&quot;Next&quot;,&quot;step_previous_label&quot;:&quot;Previous&quot;,&quot;button_width&quot;:&quot;50&quot;,&quot;step_type&quot;:&quot;number_text&quot;,&quot;step_icon_shape&quot;:&quot;circle&quot;}\" data-widget_type=\"form.default\">\n\t\t\t\t\t\t\t<form class=\"elementor-form\" method=\"post\" name=\"Formulaire page d&#039;accueil\" aria-label=\"Formulaire page d&#039;accueil\">\n\t\t\t<input type=\"hidden\" name=\"post_id\" value=\"82\"\/>\n\t\t\t<input type=\"hidden\" name=\"form_id\" value=\"3b8ab9d\"\/>\n\t\t\t<input type=\"hidden\" name=\"referer_title\" value=\"Le Quartier Francophone Gen\u00e8ve\" \/>\n\n\t\t\t\n\t\t\t<div class=\"elementor-form-fields-wrapper elementor-labels-above\">\n\t\t\t\t\t\t\t\t<div class=\"elementor-field-type-text elementor-field-group elementor-column elementor-field-group-name elementor-col-50 elementor-field-required\">\n\t\t\t\t\t\t\t\t\t\t\t\t<label for=\"form-field-name\" class=\"elementor-field-label\">\n\t\t\t\t\t\t\t\tNom\t\t\t\t\t\t\t<\/label>\n\t\t\t\t\t\t\t\t\t\t\t\t\t\t<input size=\"1\" type=\"text\" name=\"form_fields[name]\" id=\"form-field-name\" class=\"elementor-field elementor-size-md  elementor-field-textual\" placeholder=\"Nom\" required=\"required\">\n\t\t\t\t\t\t\t\t\t\t\t<\/div>\n\t\t\t\t\t\t\t\t<div class=\"elementor-field-type-text elementor-field-group elementor-column elementor-field-group-field_deeaa8f elementor-col-50 elementor-field-required\">\n\t\t\t\t\t\t\t\t\t\t\t\t<label for=\"form-field-field_deeaa8f\" class=\"elementor-field-label\">\n\t\t\t\t\t\t\t\tPr\u00e9nom\t\t\t\t\t\t\t<\/label>\n\t\t\t\t\t\t\t\t\t\t\t\t\t\t<input size=\"1\" type=\"text\" name=\"form_fields[field_deeaa8f]\" id=\"form-field-field_deeaa8f\" class=\"elementor-field elementor-size-md  elementor-field-textual\" placeholder=\"Pr\u00e9nom\" required=\"required\">\n\t\t\t\t\t\t\t\t\t\t\t<\/div>\n\t\t\t\t\t\t\t\t<div class=\"elementor-field-type-email elementor-field-group elementor-column elementor-field-group-email elementor-col-100 elementor-field-required\">\n\t\t\t\t\t\t\t\t\t\t\t\t<label for=\"form-field-email\" class=\"elementor-field-label\">\n\t\t\t\t\t\t\t\tEmail\t\t\t\t\t\t\t<\/label>\n\t\t\t\t\t\t\t\t\t\t\t\t\t\t<input size=\"1\" type=\"email\" name=\"form_fields[email]\" id=\"form-field-email\" class=\"elementor-field elementor-size-md  elementor-field-textual\" placeholder=\"Email\" required=\"required\">\n\t\t\t\t\t\t\t\t\t\t\t<\/div>\n\t\t\t\t\t\t\t\t<div class=\"elementor-field-type-tel elementor-field-group elementor-column elementor-field-group-field_f7513c4 elementor-col-100\">\n\t\t\t\t\t\t\t\t\t\t\t\t<label for=\"form-field-field_f7513c4\" class=\"elementor-field-label\">\n\t\t\t\t\t\t\t\tT\u00e9l\u00e9phone\t\t\t\t\t\t\t<\/label>\n\t\t\t\t\t\t\t\t<input size=\"1\" type=\"tel\" name=\"form_fields[field_f7513c4]\" id=\"form-field-field_f7513c4\" class=\"elementor-field elementor-size-md  elementor-field-textual\" placeholder=\"T\u00e9l\u00e9phone\" pattern=\"[0-9()#&amp;+*-=.]+\" title=\"Only numbers and phone characters (#, -, *, etc) are accepted.\">\n\n\t\t\t\t\t\t<\/div>\n\t\t\t\t\t\t\t\t<div class=\"elementor-field-type-textarea elementor-field-group elementor-column elementor-field-group-message elementor-col-100\">\n\t\t\t\t\t\t\t\t\t\t\t\t<label for=\"form-field-message\" class=\"elementor-field-label\">\n\t\t\t\t\t\t\t\tMessage\t\t\t\t\t\t\t<\/label>\n\t\t\t\t\t\t<textarea class=\"elementor-field-textual elementor-field  elementor-size-md\" name=\"form_fields[message]\" id=\"form-field-message\" rows=\"4\" placeholder=\"Message\"><\/textarea>\t\t\t\t<\/div>\n\t\t\t\t\t\t\t\t<div class=\"elementor-field-type-recaptcha_v3 elementor-field-group elementor-column elementor-field-group-field_de1b664 elementor-col-100 recaptcha_v3-inline\">\n\t\t\t\t\t<div class=\"elementor-field\" id=\"form-field-field_de1b664\"><div class=\"elementor-g-recaptcha\" data-sitekey=\"6LfKDrAqAAAAAOZlvibRUd0gNRFzg5e7TsIXojeo\" data-type=\"v3\" data-action=\"Form\" data-badge=\"inline\" data-size=\"invisible\"><\/div><\/div>\t\t\t\t<\/div>\n\t\t\t\t\t\t\t\t<div class=\"elementor-field-type-hidden elementor-field-group elementor-column elementor-field-group-field_874985a elementor-col-100\">\n\t\t\t\t\t\t\t\t\t\t\t\t\t<input size=\"1\" type=\"hidden\" name=\"form_fields[field_874985a]\" id=\"form-field-field_874985a\" class=\"elementor-field elementor-size-md  elementor-field-textual\">\n\t\t\t\t\t\t\t\t\t\t\t<\/div>\n\t\t\t\t\t\t\t\t<div class=\"elementor-field-group elementor-column elementor-field-type-submit elementor-col-50 e-form__buttons\">\n\t\t\t\t\t<button class=\"elementor-button elementor-size-md\" type=\"submit\">\n\t\t\t\t\t\t<span class=\"elementor-button-content-wrapper\">\n\t\t\t\t\t\t\t\t\t\t\t\t\t\t\t\t\t\t\t\t\t\t<span class=\"elementor-button-text\">Envoyer<\/span>\n\t\t\t\t\t\t\t\t\t\t\t\t\t<\/span>\n\t\t\t\t\t<\/button>\n\t\t\t\t<\/div>\n\t\t\t<\/div>\n\t\t<\/form>\n\t\t\t\t\t\t<\/div>\n\t\t\t\t<\/div>\n\t\t\t\t\t<\/div>\n\t\t\t\t<\/div>\n\t\t\t\t<\/div>\n\t\t","protected":false},"excerpt":{"rendered":"<p>Formation de professeurs Formation \u00e0 l&rsquo;enseignement des langues \u00e9trang\u00e8res avec l&rsquo;approche neurolinguistique (ANL) Depuis 2020, tous nos professeurs enseignent le fran\u00e7ais \u00e0 l&rsquo;aide de cette approche. Nous organisons occasionnellement des formations certifiantes en partenariat avec le Cifran, notre partenaire sp\u00e9cialis\u00e9.Nous esp\u00e9rons qu&rsquo;un jour l&rsquo;ANL obtiendra la reconnaissance qu&rsquo;elle m\u00e9rite et se pr\u00e9sentera \u00e0 grande \u00e9chelle [&hellip;]<\/p>\n","protected":false},"author":4,"featured_media":26469,"parent":0,"menu_order":8,"comment_status":"closed","ping_status":"closed","template":"","meta":{"_acf_changed":false,"footnotes":""},"class_list":["post-82","page","type-page","status-publish","has-post-thumbnail","hentry"],"acf":[],"yoast_head":"<!-- This site is optimized with the Yoast SEO Premium plugin v26.0 (Yoast SEO v27.5) - https:\/\/yoast.com\/product\/yoast-seo-premium-wordpress\/ -->\n<title>Formation de professeurs - Le Quartier Francophone Gen\u00e8ve<\/title>\n<meta name=\"description\" content=\"Formations pour devenir professeur de langue. Pas d&#039;exp\u00e9rience requise. Apprenez \u00e0 enseigner avec l&#039;approche neurolinguistique.\" \/>\n<meta name=\"robots\" content=\"index, follow, max-snippet:-1, max-image-preview:large, max-video-preview:-1\" \/>\n<link rel=\"canonical\" href=\"https:\/\/lequartierfrancophone.ch\/en\/teacher-training\/\" \/>\n<meta property=\"og:locale\" content=\"en_US\" \/>\n<meta property=\"og:type\" content=\"article\" \/>\n<meta property=\"og:title\" content=\"Formation de professeurs\" \/>\n<meta property=\"og:description\" content=\"Formations pour devenir professeur de langue. Pas d&#039;exp\u00e9rience requise. Apprenez \u00e0 enseigner avec l&#039;approche neurolinguistique.\" \/>\n<meta property=\"og:url\" content=\"https:\/\/lequartierfrancophone.ch\/en\/teacher-training\/\" \/>\n<meta property=\"og:site_name\" content=\"Le Quartier Francophone Gen\u00e8ve\" \/>\n<meta property=\"article:publisher\" content=\"https:\/\/www.facebook.com\/lequartierfrancophoneleman\/\" \/>\n<meta property=\"article:modified_time\" content=\"2025-12-01T21:21:19+00:00\" \/>\n<meta property=\"og:image\" content=\"https:\/\/lequartierfrancophone.ch\/wp-content\/uploads\/2025\/04\/deux-formateur-et-une-prof-en-formation.jpg\" \/>\n\t<meta property=\"og:image:width\" content=\"2560\" \/>\n\t<meta property=\"og:image:height\" content=\"2057\" \/>\n\t<meta property=\"og:image:type\" content=\"image\/jpeg\" \/>\n<meta name=\"twitter:card\" content=\"summary_large_image\" \/>\n<meta name=\"twitter:label1\" content=\"Est. reading time\" \/>\n\t<meta name=\"twitter:data1\" content=\"1 minute\" \/>\n<script type=\"application\/ld+json\" class=\"yoast-schema-graph\">{\"@context\":\"https:\\\/\\\/schema.org\",\"@graph\":[{\"@type\":\"WebPage\",\"@id\":\"https:\\\/\\\/lequartierfrancophone.ch\\\/formation-de-professeurs\\\/\",\"url\":\"https:\\\/\\\/lequartierfrancophone.ch\\\/formation-de-professeurs\\\/\",\"name\":\"Formation de professeurs - Le Quartier Francophone Gen\u00e8ve\",\"isPartOf\":{\"@id\":\"https:\\\/\\\/lequartierfrancophone.ch\\\/#website\"},\"primaryImageOfPage\":{\"@id\":\"https:\\\/\\\/lequartierfrancophone.ch\\\/formation-de-professeurs\\\/#primaryimage\"},\"image\":{\"@id\":\"https:\\\/\\\/lequartierfrancophone.ch\\\/formation-de-professeurs\\\/#primaryimage\"},\"thumbnailUrl\":\"https:\\\/\\\/lequartierfrancophone.ch\\\/wp-content\\\/uploads\\\/2025\\\/04\\\/deux-formateur-et-une-prof-en-formation.jpg\",\"datePublished\":\"2024-08-12T13:43:42+00:00\",\"dateModified\":\"2025-12-01T21:21:19+00:00\",\"description\":\"Formations pour devenir professeur de langue. Pas d'exp\u00e9rience requise. Apprenez \u00e0 enseigner avec l'approche neurolinguistique.\",\"breadcrumb\":{\"@id\":\"https:\\\/\\\/lequartierfrancophone.ch\\\/formation-de-professeurs\\\/#breadcrumb\"},\"inLanguage\":\"en-US\",\"potentialAction\":[{\"@type\":\"ReadAction\",\"target\":[\"https:\\\/\\\/lequartierfrancophone.ch\\\/formation-de-professeurs\\\/\"]}]},{\"@type\":\"ImageObject\",\"inLanguage\":\"en-US\",\"@id\":\"https:\\\/\\\/lequartierfrancophone.ch\\\/formation-de-professeurs\\\/#primaryimage\",\"url\":\"https:\\\/\\\/lequartierfrancophone.ch\\\/wp-content\\\/uploads\\\/2025\\\/04\\\/deux-formateur-et-une-prof-en-formation.jpg\",\"contentUrl\":\"https:\\\/\\\/lequartierfrancophone.ch\\\/wp-content\\\/uploads\\\/2025\\\/04\\\/deux-formateur-et-une-prof-en-formation.jpg\",\"width\":2560,\"height\":2057,\"caption\":\"deux formateur et une prof en formation\"},{\"@type\":\"BreadcrumbList\",\"@id\":\"https:\\\/\\\/lequartierfrancophone.ch\\\/formation-de-professeurs\\\/#breadcrumb\",\"itemListElement\":[{\"@type\":\"ListItem\",\"position\":1,\"name\":\"Accueil\",\"item\":\"https:\\\/\\\/lequartierfrancophone.ch\\\/\"},{\"@type\":\"ListItem\",\"position\":2,\"name\":\"Formation de professeurs\"}]},{\"@type\":\"WebSite\",\"@id\":\"https:\\\/\\\/lequartierfrancophone.ch\\\/#website\",\"url\":\"https:\\\/\\\/lequartierfrancophone.ch\\\/\",\"name\":\"Cours de fran\u00e7ais en ligne et en face \u00e0 face Le Quartier Francophone L\u00e9man\",\"description\":\"Apprenez les langues autrement !\",\"publisher\":{\"@id\":\"https:\\\/\\\/lequartierfrancophone.ch\\\/#organization\"},\"potentialAction\":[{\"@type\":\"SearchAction\",\"target\":{\"@type\":\"EntryPoint\",\"urlTemplate\":\"https:\\\/\\\/lequartierfrancophone.ch\\\/?s={search_term_string}\"},\"query-input\":{\"@type\":\"PropertyValueSpecification\",\"valueRequired\":true,\"valueName\":\"search_term_string\"}}],\"inLanguage\":\"en-US\"},{\"@type\":\"Organization\",\"@id\":\"https:\\\/\\\/lequartierfrancophone.ch\\\/#organization\",\"name\":\"Le Quartier Francophone L\u00e9man\",\"url\":\"https:\\\/\\\/lequartierfrancophone.ch\\\/\",\"logo\":{\"@type\":\"ImageObject\",\"inLanguage\":\"en-US\",\"@id\":\"https:\\\/\\\/lequartierfrancophone.ch\\\/#\\\/schema\\\/logo\\\/image\\\/\",\"url\":\"https:\\\/\\\/lequartierfrancophone.ch\\\/wp-content\\\/uploads\\\/2024\\\/10\\\/open-graph-1.png\",\"contentUrl\":\"https:\\\/\\\/lequartierfrancophone.ch\\\/wp-content\\\/uploads\\\/2024\\\/10\\\/open-graph-1.png\",\"width\":1200,\"height\":323,\"caption\":\"Le Quartier Francophone L\u00e9man\"},\"image\":{\"@id\":\"https:\\\/\\\/lequartierfrancophone.ch\\\/#\\\/schema\\\/logo\\\/image\\\/\"},\"sameAs\":[\"https:\\\/\\\/www.facebook.com\\\/lequartierfrancophoneleman\\\/\",\"https:\\\/\\\/www.instagram.com\\\/lequartierfrancophone_leman\\\/\"]}]}<\/script>\n<!-- \/ Yoast SEO Premium plugin. -->","yoast_head_json":{"title":"Teacher training - Le Quartier Francophone Gen\u00e8ve","description":"Training to become a language teacher. No experience required. Learn to teach with the neurolinguistic approach.","robots":{"index":"index","follow":"follow","max-snippet":"max-snippet:-1","max-image-preview":"max-image-preview:large","max-video-preview":"max-video-preview:-1"},"canonical":"https:\/\/lequartierfrancophone.ch\/en\/teacher-training\/","og_locale":"en_US","og_type":"article","og_title":"Formation de professeurs","og_description":"Formations pour devenir professeur de langue. Pas d'exp\u00e9rience requise. Apprenez \u00e0 enseigner avec l'approche neurolinguistique.","og_url":"https:\/\/lequartierfrancophone.ch\/en\/teacher-training\/","og_site_name":"Le Quartier Francophone Gen\u00e8ve","article_publisher":"https:\/\/www.facebook.com\/lequartierfrancophoneleman\/","article_modified_time":"2025-12-01T21:21:19+00:00","og_image":[{"width":2560,"height":2057,"url":"https:\/\/lequartierfrancophone.ch\/wp-content\/uploads\/2025\/04\/deux-formateur-et-une-prof-en-formation.jpg","type":"image\/jpeg"}],"twitter_card":"summary_large_image","twitter_misc":{"Est. reading time":"1 minute"},"schema":{"@context":"https:\/\/schema.org","@graph":[{"@type":"WebPage","@id":"https:\/\/lequartierfrancophone.ch\/formation-de-professeurs\/","url":"https:\/\/lequartierfrancophone.ch\/formation-de-professeurs\/","name":"Teacher training - Le Quartier Francophone Gen\u00e8ve","isPartOf":{"@id":"https:\/\/lequartierfrancophone.ch\/#website"},"primaryImageOfPage":{"@id":"https:\/\/lequartierfrancophone.ch\/formation-de-professeurs\/#primaryimage"},"image":{"@id":"https:\/\/lequartierfrancophone.ch\/formation-de-professeurs\/#primaryimage"},"thumbnailUrl":"https:\/\/lequartierfrancophone.ch\/wp-content\/uploads\/2025\/04\/deux-formateur-et-une-prof-en-formation.jpg","datePublished":"2024-08-12T13:43:42+00:00","dateModified":"2025-12-01T21:21:19+00:00","description":"Training to become a language teacher. No experience required. Learn to teach with the neurolinguistic approach.","breadcrumb":{"@id":"https:\/\/lequartierfrancophone.ch\/formation-de-professeurs\/#breadcrumb"},"inLanguage":"en-US","potentialAction":[{"@type":"ReadAction","target":["https:\/\/lequartierfrancophone.ch\/formation-de-professeurs\/"]}]},{"@type":"ImageObject","inLanguage":"en-US","@id":"https:\/\/lequartierfrancophone.ch\/formation-de-professeurs\/#primaryimage","url":"https:\/\/lequartierfrancophone.ch\/wp-content\/uploads\/2025\/04\/deux-formateur-et-une-prof-en-formation.jpg","contentUrl":"https:\/\/lequartierfrancophone.ch\/wp-content\/uploads\/2025\/04\/deux-formateur-et-une-prof-en-formation.jpg","width":2560,"height":2057,"caption":"deux formateur et une prof en formation"},{"@type":"BreadcrumbList","@id":"https:\/\/lequartierfrancophone.ch\/formation-de-professeurs\/#breadcrumb","itemListElement":[{"@type":"ListItem","position":1,"name":"Accueil","item":"https:\/\/lequartierfrancophone.ch\/"},{"@type":"ListItem","position":2,"name":"Formation de professeurs"}]},{"@type":"WebSite","@id":"https:\/\/lequartierfrancophone.ch\/#website","url":"https:\/\/lequartierfrancophone.ch\/","name":"Online and face-to-face French courses Le Quartier Francophone L\u00e9man","description":"Learn languages differently!","publisher":{"@id":"https:\/\/lequartierfrancophone.ch\/#organization"},"potentialAction":[{"@type":"SearchAction","target":{"@type":"EntryPoint","urlTemplate":"https:\/\/lequartierfrancophone.ch\/?s={search_term_string}"},"query-input":{"@type":"PropertyValueSpecification","valueRequired":true,"valueName":"search_term_string"}}],"inLanguage":"en-US"},{"@type":"Organization","@id":"https:\/\/lequartierfrancophone.ch\/#organization","name":"Le Quartier Francophone L\u00e9man","url":"https:\/\/lequartierfrancophone.ch\/","logo":{"@type":"ImageObject","inLanguage":"en-US","@id":"https:\/\/lequartierfrancophone.ch\/#\/schema\/logo\/image\/","url":"https:\/\/lequartierfrancophone.ch\/wp-content\/uploads\/2024\/10\/open-graph-1.png","contentUrl":"https:\/\/lequartierfrancophone.ch\/wp-content\/uploads\/2024\/10\/open-graph-1.png","width":1200,"height":323,"caption":"Le Quartier Francophone L\u00e9man"},"image":{"@id":"https:\/\/lequartierfrancophone.ch\/#\/schema\/logo\/image\/"},"sameAs":["https:\/\/www.facebook.com\/lequartierfrancophoneleman\/","https:\/\/www.instagram.com\/lequartierfrancophone_leman\/"]}]}},"_links":{"self":[{"href":"https:\/\/lequartierfrancophone.ch\/en\/wp-json\/wp\/v2\/pages\/82","targetHints":{"allow":["GET"]}}],"collection":[{"href":"https:\/\/lequartierfrancophone.ch\/en\/wp-json\/wp\/v2\/pages"}],"about":[{"href":"https:\/\/lequartierfrancophone.ch\/en\/wp-json\/wp\/v2\/types\/page"}],"author":[{"embeddable":true,"href":"https:\/\/lequartierfrancophone.ch\/en\/wp-json\/wp\/v2\/users\/4"}],"replies":[{"embeddable":true,"href":"https:\/\/lequartierfrancophone.ch\/en\/wp-json\/wp\/v2\/comments?post=82"}],"version-history":[{"count":13,"href":"https:\/\/lequartierfrancophone.ch\/en\/wp-json\/wp\/v2\/pages\/82\/revisions"}],"predecessor-version":[{"id":28178,"href":"https:\/\/lequartierfrancophone.ch\/en\/wp-json\/wp\/v2\/pages\/82\/revisions\/28178"}],"wp:featuredmedia":[{"embeddable":true,"href":"https:\/\/lequartierfrancophone.ch\/en\/wp-json\/wp\/v2\/media\/26469"}],"wp:attachment":[{"href":"https:\/\/lequartierfrancophone.ch\/en\/wp-json\/wp\/v2\/media?parent=82"}],"curies":[{"name":"wp","href":"https:\/\/api.w.org\/{rel}","templated":true}]}}