{"id":26523,"date":"2025-04-19T08:45:00","date_gmt":"2025-04-19T07:45:00","guid":{"rendered":"https:\/\/lequartierfrancophone.ch\/?page_id=26523"},"modified":"2025-05-01T16:52:08","modified_gmt":"2025-05-01T15:52:08","slug":"one-to-one-french-courses","status":"publish","type":"page","link":"https:\/\/lequartierfrancophone.ch\/en\/cours-de-francais-en-face-a-face\/","title":{"rendered":"One-to-one French lessons"},"content":{"rendered":"<div data-elementor-type=\"wp-page\" data-elementor-id=\"26523\" class=\"elementor elementor-26523\" data-elementor-post-type=\"page\">\n\t\t\t\t<div class=\"elementor-element elementor-element-7476aaf e-flex e-con-boxed e-con e-parent\" data-id=\"7476aaf\" data-element_type=\"container\" data-settings=\"{&quot;background_background&quot;:&quot;classic&quot;}\">\n\t\t\t\t\t<div class=\"e-con-inner\">\n\t\t\t\t<div class=\"elementor-element elementor-element-17d1a07 elementor-widget elementor-widget-heading\" data-id=\"17d1a07\" data-element_type=\"widget\" data-widget_type=\"heading.default\">\n\t\t\t\t\t<h2 class=\"elementor-heading-title elementor-size-default\">Face-to-face group classes in Geneva\n(Level A1-A2)<\/h2>\t\t\t\t<\/div>\n\t\t\t\t<div class=\"elementor-element elementor-element-4d45c97 elementor-widget elementor-widget-text-editor\" data-id=\"4d45c97\" data-element_type=\"widget\" data-widget_type=\"text-editor.default\">\n\t\t\t\t\t\t\t\t\t<p>Every Saturday from 11 a.m. to 12:30 p.m.<\/p><p>58, rue de la Terrassi\u00e8re<\/p>\t\t\t\t\t\t\t\t<\/div>\n\t\t\t\t\t<\/div>\n\t\t\t\t<\/div>\n\t\t<div class=\"elementor-element elementor-element-7b2649d e-flex e-con-boxed e-con e-parent\" data-id=\"7b2649d\" data-element_type=\"container\">\n\t\t\t\t\t<div class=\"e-con-inner\">\n\t\t\t\t<div class=\"elementor-element elementor-element-0a1f589 elementor-widget elementor-widget-text-editor\" data-id=\"0a1f589\" data-element_type=\"widget\" data-widget_type=\"text-editor.default\">\n\t\t\t\t\t\t\t\t\t<p class=\"translation-block\"><span>Discover a <\/span><span>new, effective way <\/span><span>to learn French through the <\/span><span><a href=\"https:\/\/lequartierfrancophone.ch\/en\/our-approach\/\" target=\"_blank\" rel=\"noopener\">neurolinguistic approach<\/a>!<\/span><\/p><div>\u00a0<\/div><p class=\"translation-block\">Here, everyone can improve without doing boring language exercises.\nYou\u2019ll build real communication skills\u2014understanding spoken language more easily and learning to speak with confidence and accuracy.<\/p>\t\t\t\t\t\t\t\t<\/div>\n\t\t\t\t<div class=\"elementor-element elementor-element-3f2db13 pad-l elementor-widget elementor-widget-text-editor\" data-id=\"3f2db13\" data-element_type=\"widget\" data-widget_type=\"text-editor.default\">\n\t\t\t\t\t\t\t\t\t<p>\u2705 Face-to-face classes (A1-A2)<\/p><p>\u2705 Small group<\/p><p>\u2705 Focus on speaking<br \/>\u2705 Sessions with an <a href=\"https:\/\/lequartierfrancophone.ch\/en\/clement\/\" target=\"_blank\" rel=\"noopener\">expert teacher-researcher\u00a0<\/a>French language teaching<\/p><p>\u2705 Friendly course atmosphere<\/p>\t\t\t\t\t\t\t\t<\/div>\n\t\t\t\t\t<\/div>\n\t\t\t\t<\/div>\n\t\t<div class=\"elementor-element elementor-element-0952bbb e-flex e-con-boxed e-con e-parent\" data-id=\"0952bbb\" data-element_type=\"container\">\n\t\t\t\t\t<div class=\"e-con-inner\">\n\t\t<div class=\"elementor-element elementor-element-b32a774 e-con-full pad-tb-s e-flex e-con e-child\" data-id=\"b32a774\" data-element_type=\"container\">\n\t\t\t\t<div class=\"elementor-element elementor-element-5bbcbdd elementor-widget-laptop__width-initial elementor-widget-mobile_extra__width-initial elementor-widget-mobile__width-initial elementor-widget__width-initial elementor-widget elementor-widget-price-table\" data-id=\"5bbcbdd\" data-element_type=\"widget\" data-widget_type=\"price-table.default\">\n\t\t\t\t\t\n\t\t<div class=\"elementor-price-table\">\n\t\t\t\t\t\t\t<div class=\"elementor-price-table__header\">\n\t\t\t\t\t\t\t\t\t\t\t<h3 class=\"elementor-price-table__heading\">\n\t\t\t\t\t\t1 SESSION\t\t\t\t\t\t<\/h3>\n\t\t\t\t\t\n\t\t\t\t\t\t\t\t\t<\/div>\n\t\t\t\n\t\t\t<div class=\"elementor-price-table__price\">\n\t\t\t\t\t\t\t\t\t\t\t\t\t\t\t\t\t<span class=\"elementor-price-table__integer-part\">\n\t\t\t\t\t\t20 \t\t\t\t\t<\/span>\n\t\t\t\t\n\t\t\t\t\n\t\t\t\t<span class=\"elementor-price-table__currency\">CHF<\/span>\n\t\t\t\t\t\t\t<\/div>\n\n\t\t\t\t\t\t\t<ul class=\"elementor-price-table__features-list\">\n\t\t\t\t\t\t\t\t\t\t\t<li class=\"elementor-repeater-item-6d72940\">\n\t\t\t\t\t\t\t<div class=\"elementor-price-table__feature-inner\">\n\t\t\t\t\t\t\t\t\t\t\t\t\t\t\t\t&nbsp;\t\t\t\t\t\t\t<\/div>\n\t\t\t\t\t\t<\/li>\n\t\t\t\t\t\t\t\t\t<\/ul>\n\t\t\t\n\t\t\t\t\t<\/div>\n\n\t\t\t\t\t\t<\/div>\n\t\t\t\t<div class=\"elementor-element elementor-element-954484f elementor-widget-laptop__width-initial elementor-widget-mobile_extra__width-initial elementor-widget-mobile__width-initial elementor-widget__width-initial elementor-widget elementor-widget-price-table\" data-id=\"954484f\" data-element_type=\"widget\" data-widget_type=\"price-table.default\">\n\t\t\t\t\t\n\t\t<div class=\"elementor-price-table\">\n\t\t\t\t\t\t\t<div class=\"elementor-price-table__header\">\n\t\t\t\t\t\t\t\t\t\t\t<h3 class=\"elementor-price-table__heading\">\n\t\t\t\t\t\t5 SESSIONS\t\t\t\t\t\t<\/h3>\n\t\t\t\t\t\n\t\t\t\t\t\t\t\t\t<\/div>\n\t\t\t\n\t\t\t<div class=\"elementor-price-table__price\">\n\t\t\t\t\t\t\t\t\t<div class=\"elementor-price-table__original-price elementor-typo-excluded\">\n\t\t\t\t\t\t100<span class=\"elementor-price-table__currency\">CHF<\/span>\t\t\t\t\t<\/div>\n\t\t\t\t\t\t\t\t\t\t\t\t\t\t\t\t\t<span class=\"elementor-price-table__integer-part\">\n\t\t\t\t\t\t80\t\t\t\t\t<\/span>\n\t\t\t\t\n\t\t\t\t\n\t\t\t\t<span class=\"elementor-price-table__currency\">CHF<\/span>\n\t\t\t\t\t\t\t<\/div>\n\n\t\t\t\t\t\t\t<ul class=\"elementor-price-table__features-list\">\n\t\t\t\t\t\t\t\t\t\t\t<li class=\"elementor-repeater-item-6d72940\">\n\t\t\t\t\t\t\t<div class=\"elementor-price-table__feature-inner\">\n\t\t\t\t\t\t\t\t\t\t\t\t\t\t\t\t&nbsp;\t\t\t\t\t\t\t<\/div>\n\t\t\t\t\t\t<\/li>\n\t\t\t\t\t\t\t\t\t<\/ul>\n\t\t\t\n\t\t\t\t\t<\/div>\n\n\t\t\t\t\t\t<\/div>\n\t\t\t\t<\/div>\n\t\t\t\t<div class=\"elementor-element elementor-element-aa413f8 pad-t-s elementor-widget elementor-widget-text-editor\" data-id=\"aa413f8\" data-element_type=\"widget\" data-widget_type=\"text-editor.default\">\n\t\t\t\t\t\t\t\t\t<p>Course starts : <strong>Saturday May 17th<\/strong><\/p><p><strong>\u00a0<\/strong><\/p><p><img decoding=\"async\" class=\"emoji\" role=\"img\" draggable=\"false\" src=\"https:\/\/s.w.org\/images\/core\/emoji\/15.1.0\/svg\/26a0.svg\" alt=\"\u26a0\ufe0f\" \/> Places are limited!<\/p><p class=\"translation-block\">To join, please fill out the <a href=\"https:\/\/forms.gle\/wg4wLVqEFJB5f6jE8\" target=\"_blank\" rel=\"noopener\">questionnaire here<\/a> or <strong>call us<\/strong> so we can <strong>assess your level and goals.<\/strong><\/p><p>Payment acts as a reservation.<\/p>\t\t\t\t\t\t\t\t<\/div>\n\t\t\t\t<div class=\"elementor-element elementor-element-68a8275 elementor-icon-list--layout-inline elementor-align-start elementor-list-item-link-inline elementor-mobile-align-center elementor-tablet-align-center elementor-widget-mobile__width-initial elementor-widget elementor-widget-icon-list\" data-id=\"68a8275\" data-element_type=\"widget\" data-widget_type=\"icon-list.default\">\n\t\t\t\t\t\t\t<ul class=\"elementor-icon-list-items elementor-inline-items\">\n\t\t\t\t\t\t\t<li class=\"elementor-icon-list-item elementor-inline-item\">\n\t\t\t\t\t\t\t\t\t\t\t<a href=\"tel:+41772866211\">\n\n\t\t\t\t\t\t\t\t\t\t\t\t<span class=\"elementor-icon-list-icon\">\n\t\t\t\t\t\t\t<svg aria-hidden=\"true\" class=\"e-font-icon-svg e-fas-phone-alt\" viewbox=\"0 0 512 512\" xmlns=\"http:\/\/www.w3.org\/2000\/svg\"><path d=\"M497.39 361.8l-112-48a24 24 0 0 0-28 6.9l-49.6 60.6A370.66 370.66 0 0 1 130.6 204.11l60.6-49.6a23.94 23.94 0 0 0 6.9-28l-48-112A24.16 24.16 0 0 0 122.6.61l-104 24A24 24 0 0 0 0 48c0 256.5 207.9 464 464 464a24 24 0 0 0 23.4-18.6l24-104a24.29 24.29 0 0 0-14.01-27.6z\"><\/path><\/svg>\t\t\t\t\t\t<\/span>\n\t\t\t\t\t\t\t\t\t\t<span class=\"elementor-icon-list-text\">+ 41 77 286 62 11<\/span>\n\t\t\t\t\t\t\t\t\t\t\t<\/a>\n\t\t\t\t\t\t\t\t\t<\/li>\n\t\t\t\t\t\t<\/ul>\n\t\t\t\t\t\t<\/div>\n\t\t\t\t<div class=\"elementor-element elementor-element-4fb58b1 pad-tb-m elementor-widget elementor-widget-google_maps\" data-id=\"4fb58b1\" data-element_type=\"widget\" data-widget_type=\"google_maps.default\">\n\t\t\t\t\t\t\t<div class=\"elementor-custom-embed\">\n\t\t\t<iframe loading=\"lazy\"\n\t\t\t\t\tsrc=\"https:\/\/maps.google.com\/maps?q=58%2C%20rue%20de%20la%20Terrassi%C3%A8re%20%201207%20Gen%C3%A8ve&#038;t=m&#038;z=10&#038;output=embed&#038;iwloc=near\"\n\t\t\t\t\ttitle=\"58, rue de la Terrassi\u00e8re 1207 Geneva\"\n\t\t\t\t\taria-label=\"58, rue de la Terrassi\u00e8re 1207 Geneva\"\n\t\t\t><\/iframe>\n\t\t<\/div>\n\t\t\t\t\t\t<\/div>\n\t\t\t\t\t<\/div>\n\t\t\t\t<\/div>\n\t\t\t\t<\/div>","protected":false},"excerpt":{"rendered":"<p>Cours de groupe en pr\u00e9sentiel \u00e0 Gen\u00e8ve (Niveau A1-A2) Tous les samedis de 11h \u00e0 12h30 58, rue de la Terrassi\u00e8re Venez\u00a0apprendre le fran\u00e7ais\u00a0diff\u00e9remment et efficacement gr\u00e2ce \u00e0\u00a0l&rsquo;approche neurolinguistique ! \u00a0 Ici, tout le monde peut progresser sans faire d&rsquo;activit\u00e9s linguistiques ennuyeuses.\u00a0Vous allez d\u00e9velopper directement vos capacit\u00e9s \u00e0 communiquer : vous allez mieux comprendre la [&hellip;]<\/p>\n","protected":false},"author":4,"featured_media":26524,"parent":0,"menu_order":16,"comment_status":"closed","ping_status":"closed","template":"","meta":{"_acf_changed":false,"footnotes":""},"class_list":["post-26523","page","type-page","status-publish","has-post-thumbnail","hentry"],"acf":[],"yoast_head":"<!-- This site is optimized with the Yoast SEO Premium plugin v26.0 (Yoast SEO v27.5) - https:\/\/yoast.com\/product\/yoast-seo-premium-wordpress\/ -->\n<title>Cours de fran\u00e7ais en face \u00e0 face - Le Quartier Francophone Gen\u00e8ve<\/title>\n<meta name=\"description\" content=\"Cours de fran\u00e7ais face \u00e0 face \u00e0 Gen\u00e8ve. Petits groupes, bonne ambiance, d\u00e9veloppement de l&#039;aisance et de la correction \u00e0 l&#039;oral.\" \/>\n<meta name=\"robots\" content=\"index, follow, max-snippet:-1, max-image-preview:large, max-video-preview:-1\" \/>\n<link rel=\"canonical\" href=\"https:\/\/lequartierfrancophone.ch\/en\/one-to-one-french-courses\/\" \/>\n<meta property=\"og:locale\" content=\"en_US\" \/>\n<meta property=\"og:type\" content=\"article\" \/>\n<meta property=\"og:title\" content=\"Cours de fran\u00e7ais en face \u00e0 face\" \/>\n<meta property=\"og:description\" content=\"Cours de fran\u00e7ais face \u00e0 face \u00e0 Gen\u00e8ve. Petits groupes, bonne ambiance, d\u00e9veloppement de l&#039;aisance et de la correction \u00e0 l&#039;oral.\" \/>\n<meta property=\"og:url\" content=\"https:\/\/lequartierfrancophone.ch\/en\/one-to-one-french-courses\/\" \/>\n<meta property=\"og:site_name\" content=\"Le Quartier Francophone Gen\u00e8ve\" \/>\n<meta property=\"article:publisher\" content=\"https:\/\/www.facebook.com\/lequartierfrancophoneleman\/\" \/>\n<meta property=\"article:modified_time\" content=\"2025-05-01T15:52:08+00:00\" \/>\n<meta property=\"og:image\" content=\"https:\/\/lequartierfrancophone.ch\/wp-content\/uploads\/2025\/04\/cours-de-francais-en-face-a-face.jpg?t=1775935581\" \/>\n\t<meta property=\"og:image:width\" content=\"1131\" \/>\n\t<meta property=\"og:image:height\" content=\"833\" \/>\n\t<meta property=\"og:image:type\" content=\"image\/jpeg\" \/>\n<meta name=\"twitter:card\" content=\"summary_large_image\" \/>\n<meta name=\"twitter:label1\" content=\"Est. reading time\" \/>\n\t<meta name=\"twitter:data1\" content=\"2 minutes\" \/>\n<script type=\"application\/ld+json\" class=\"yoast-schema-graph\">{\"@context\":\"https:\\\/\\\/schema.org\",\"@graph\":[{\"@type\":\"WebPage\",\"@id\":\"https:\\\/\\\/lequartierfrancophone.ch\\\/cours-de-francais-en-face-a-face\\\/\",\"url\":\"https:\\\/\\\/lequartierfrancophone.ch\\\/cours-de-francais-en-face-a-face\\\/\",\"name\":\"Cours de fran\u00e7ais en face \u00e0 face - Le Quartier Francophone Gen\u00e8ve\",\"isPartOf\":{\"@id\":\"https:\\\/\\\/lequartierfrancophone.ch\\\/#website\"},\"primaryImageOfPage\":{\"@id\":\"https:\\\/\\\/lequartierfrancophone.ch\\\/cours-de-francais-en-face-a-face\\\/#primaryimage\"},\"image\":{\"@id\":\"https:\\\/\\\/lequartierfrancophone.ch\\\/cours-de-francais-en-face-a-face\\\/#primaryimage\"},\"thumbnailUrl\":\"https:\\\/\\\/lequartierfrancophone.ch\\\/wp-content\\\/uploads\\\/2025\\\/04\\\/cours-de-francais-en-face-a-face.jpg?t=1778179270\",\"datePublished\":\"2025-04-19T07:45:00+00:00\",\"dateModified\":\"2025-05-01T15:52:08+00:00\",\"description\":\"Cours de fran\u00e7ais face \u00e0 face \u00e0 Gen\u00e8ve. Petits groupes, bonne ambiance, d\u00e9veloppement de l'aisance et de la correction \u00e0 l'oral.\",\"breadcrumb\":{\"@id\":\"https:\\\/\\\/lequartierfrancophone.ch\\\/cours-de-francais-en-face-a-face\\\/#breadcrumb\"},\"inLanguage\":\"en-US\",\"potentialAction\":[{\"@type\":\"ReadAction\",\"target\":[\"https:\\\/\\\/lequartierfrancophone.ch\\\/cours-de-francais-en-face-a-face\\\/\"]}]},{\"@type\":\"ImageObject\",\"inLanguage\":\"en-US\",\"@id\":\"https:\\\/\\\/lequartierfrancophone.ch\\\/cours-de-francais-en-face-a-face\\\/#primaryimage\",\"url\":\"https:\\\/\\\/lequartierfrancophone.ch\\\/wp-content\\\/uploads\\\/2025\\\/04\\\/cours-de-francais-en-face-a-face.jpg?t=1778179270\",\"contentUrl\":\"https:\\\/\\\/lequartierfrancophone.ch\\\/wp-content\\\/uploads\\\/2025\\\/04\\\/cours-de-francais-en-face-a-face.jpg?t=1778179270\",\"width\":1131,\"height\":833,\"caption\":\"cours de francais en face a face\"},{\"@type\":\"BreadcrumbList\",\"@id\":\"https:\\\/\\\/lequartierfrancophone.ch\\\/cours-de-francais-en-face-a-face\\\/#breadcrumb\",\"itemListElement\":[{\"@type\":\"ListItem\",\"position\":1,\"name\":\"Accueil\",\"item\":\"https:\\\/\\\/lequartierfrancophone.ch\\\/\"},{\"@type\":\"ListItem\",\"position\":2,\"name\":\"Cours de fran\u00e7ais en face \u00e0 face\"}]},{\"@type\":\"WebSite\",\"@id\":\"https:\\\/\\\/lequartierfrancophone.ch\\\/#website\",\"url\":\"https:\\\/\\\/lequartierfrancophone.ch\\\/\",\"name\":\"Cours de fran\u00e7ais en ligne et en face \u00e0 face Le Quartier Francophone L\u00e9man\",\"description\":\"Apprenez les langues autrement !\",\"publisher\":{\"@id\":\"https:\\\/\\\/lequartierfrancophone.ch\\\/#organization\"},\"potentialAction\":[{\"@type\":\"SearchAction\",\"target\":{\"@type\":\"EntryPoint\",\"urlTemplate\":\"https:\\\/\\\/lequartierfrancophone.ch\\\/?s={search_term_string}\"},\"query-input\":{\"@type\":\"PropertyValueSpecification\",\"valueRequired\":true,\"valueName\":\"search_term_string\"}}],\"inLanguage\":\"en-US\"},{\"@type\":\"Organization\",\"@id\":\"https:\\\/\\\/lequartierfrancophone.ch\\\/#organization\",\"name\":\"Le Quartier Francophone L\u00e9man\",\"url\":\"https:\\\/\\\/lequartierfrancophone.ch\\\/\",\"logo\":{\"@type\":\"ImageObject\",\"inLanguage\":\"en-US\",\"@id\":\"https:\\\/\\\/lequartierfrancophone.ch\\\/#\\\/schema\\\/logo\\\/image\\\/\",\"url\":\"https:\\\/\\\/lequartierfrancophone.ch\\\/wp-content\\\/uploads\\\/2024\\\/10\\\/open-graph-1.png\",\"contentUrl\":\"https:\\\/\\\/lequartierfrancophone.ch\\\/wp-content\\\/uploads\\\/2024\\\/10\\\/open-graph-1.png\",\"width\":1200,\"height\":323,\"caption\":\"Le Quartier Francophone L\u00e9man\"},\"image\":{\"@id\":\"https:\\\/\\\/lequartierfrancophone.ch\\\/#\\\/schema\\\/logo\\\/image\\\/\"},\"sameAs\":[\"https:\\\/\\\/www.facebook.com\\\/lequartierfrancophoneleman\\\/\",\"https:\\\/\\\/www.instagram.com\\\/lequartierfrancophone_leman\\\/\"]}]}<\/script>\n<!-- \/ Yoast SEO Premium plugin. -->","yoast_head_json":{"title":"One-to-one French lessons - Le Quartier Francophone Gen\u00e8ve","description":"One-to-one French courses in Geneva. Small groups, good atmosphere, development of fluency and oral correction.","robots":{"index":"index","follow":"follow","max-snippet":"max-snippet:-1","max-image-preview":"max-image-preview:large","max-video-preview":"max-video-preview:-1"},"canonical":"https:\/\/lequartierfrancophone.ch\/en\/one-to-one-french-courses\/","og_locale":"en_US","og_type":"article","og_title":"Cours de fran\u00e7ais en face \u00e0 face","og_description":"Cours de fran\u00e7ais face \u00e0 face \u00e0 Gen\u00e8ve. Petits groupes, bonne ambiance, d\u00e9veloppement de l'aisance et de la correction \u00e0 l'oral.","og_url":"https:\/\/lequartierfrancophone.ch\/en\/one-to-one-french-courses\/","og_site_name":"Le Quartier Francophone Gen\u00e8ve","article_publisher":"https:\/\/www.facebook.com\/lequartierfrancophoneleman\/","article_modified_time":"2025-05-01T15:52:08+00:00","og_image":[{"width":1131,"height":833,"url":"https:\/\/lequartierfrancophone.ch\/wp-content\/uploads\/2025\/04\/cours-de-francais-en-face-a-face.jpg?t=1775935581","type":"image\/jpeg"}],"twitter_card":"summary_large_image","twitter_misc":{"Est. reading time":"2 minutes"},"schema":{"@context":"https:\/\/schema.org","@graph":[{"@type":"WebPage","@id":"https:\/\/lequartierfrancophone.ch\/cours-de-francais-en-face-a-face\/","url":"https:\/\/lequartierfrancophone.ch\/cours-de-francais-en-face-a-face\/","name":"One-to-one French lessons - Le Quartier Francophone Gen\u00e8ve","isPartOf":{"@id":"https:\/\/lequartierfrancophone.ch\/#website"},"primaryImageOfPage":{"@id":"https:\/\/lequartierfrancophone.ch\/cours-de-francais-en-face-a-face\/#primaryimage"},"image":{"@id":"https:\/\/lequartierfrancophone.ch\/cours-de-francais-en-face-a-face\/#primaryimage"},"thumbnailUrl":"https:\/\/lequartierfrancophone.ch\/wp-content\/uploads\/2025\/04\/cours-de-francais-en-face-a-face.jpg?t=1778179270","datePublished":"2025-04-19T07:45:00+00:00","dateModified":"2025-05-01T15:52:08+00:00","description":"One-to-one French courses in Geneva. Small groups, good atmosphere, development of fluency and oral correction.","breadcrumb":{"@id":"https:\/\/lequartierfrancophone.ch\/cours-de-francais-en-face-a-face\/#breadcrumb"},"inLanguage":"en-US","potentialAction":[{"@type":"ReadAction","target":["https:\/\/lequartierfrancophone.ch\/cours-de-francais-en-face-a-face\/"]}]},{"@type":"ImageObject","inLanguage":"en-US","@id":"https:\/\/lequartierfrancophone.ch\/cours-de-francais-en-face-a-face\/#primaryimage","url":"https:\/\/lequartierfrancophone.ch\/wp-content\/uploads\/2025\/04\/cours-de-francais-en-face-a-face.jpg?t=1778179270","contentUrl":"https:\/\/lequartierfrancophone.ch\/wp-content\/uploads\/2025\/04\/cours-de-francais-en-face-a-face.jpg?t=1778179270","width":1131,"height":833,"caption":"cours de francais en face a face"},{"@type":"BreadcrumbList","@id":"https:\/\/lequartierfrancophone.ch\/cours-de-francais-en-face-a-face\/#breadcrumb","itemListElement":[{"@type":"ListItem","position":1,"name":"Accueil","item":"https:\/\/lequartierfrancophone.ch\/"},{"@type":"ListItem","position":2,"name":"Cours de fran\u00e7ais en face \u00e0 face"}]},{"@type":"WebSite","@id":"https:\/\/lequartierfrancophone.ch\/#website","url":"https:\/\/lequartierfrancophone.ch\/","name":"Online and face-to-face French courses Le Quartier Francophone L\u00e9man","description":"Learn languages differently!","publisher":{"@id":"https:\/\/lequartierfrancophone.ch\/#organization"},"potentialAction":[{"@type":"SearchAction","target":{"@type":"EntryPoint","urlTemplate":"https:\/\/lequartierfrancophone.ch\/?s={search_term_string}"},"query-input":{"@type":"PropertyValueSpecification","valueRequired":true,"valueName":"search_term_string"}}],"inLanguage":"en-US"},{"@type":"Organization","@id":"https:\/\/lequartierfrancophone.ch\/#organization","name":"Le Quartier Francophone L\u00e9man","url":"https:\/\/lequartierfrancophone.ch\/","logo":{"@type":"ImageObject","inLanguage":"en-US","@id":"https:\/\/lequartierfrancophone.ch\/#\/schema\/logo\/image\/","url":"https:\/\/lequartierfrancophone.ch\/wp-content\/uploads\/2024\/10\/open-graph-1.png","contentUrl":"https:\/\/lequartierfrancophone.ch\/wp-content\/uploads\/2024\/10\/open-graph-1.png","width":1200,"height":323,"caption":"Le Quartier Francophone L\u00e9man"},"image":{"@id":"https:\/\/lequartierfrancophone.ch\/#\/schema\/logo\/image\/"},"sameAs":["https:\/\/www.facebook.com\/lequartierfrancophoneleman\/","https:\/\/www.instagram.com\/lequartierfrancophone_leman\/"]}]}},"_links":{"self":[{"href":"https:\/\/lequartierfrancophone.ch\/en\/wp-json\/wp\/v2\/pages\/26523","targetHints":{"allow":["GET"]}}],"collection":[{"href":"https:\/\/lequartierfrancophone.ch\/en\/wp-json\/wp\/v2\/pages"}],"about":[{"href":"https:\/\/lequartierfrancophone.ch\/en\/wp-json\/wp\/v2\/types\/page"}],"author":[{"embeddable":true,"href":"https:\/\/lequartierfrancophone.ch\/en\/wp-json\/wp\/v2\/users\/4"}],"replies":[{"embeddable":true,"href":"https:\/\/lequartierfrancophone.ch\/en\/wp-json\/wp\/v2\/comments?post=26523"}],"version-history":[{"count":52,"href":"https:\/\/lequartierfrancophone.ch\/en\/wp-json\/wp\/v2\/pages\/26523\/revisions"}],"predecessor-version":[{"id":26606,"href":"https:\/\/lequartierfrancophone.ch\/en\/wp-json\/wp\/v2\/pages\/26523\/revisions\/26606"}],"wp:featuredmedia":[{"embeddable":true,"href":"https:\/\/lequartierfrancophone.ch\/en\/wp-json\/wp\/v2\/media\/26524"}],"wp:attachment":[{"href":"https:\/\/lequartierfrancophone.ch\/en\/wp-json\/wp\/v2\/media?parent=26523"}],"curies":[{"name":"wp","href":"https:\/\/api.w.org\/{rel}","templated":true}]}}